{"id":1601,"date":"2016-09-20T12:02:16","date_gmt":"2016-09-20T09:02:16","guid":{"rendered":"http:\/\/medicaltest.ro\/?page_id=1601"},"modified":"2020-03-02T04:28:57","modified_gmt":"2020-03-02T01:28:57","slug":"despre","status":"publish","type":"page","link":"https:\/\/medicaltest.ro\/index.php\/despre\/","title":{"rendered":"Despre"},"content":{"rendered":"<div class=\"wpb-content-wrapper\"><p>[vc_row][vc_column width=&#8221;1\/2&#8243;]<header class=\"kwayy-heading-wrapper kwayy-heading-wrapper-align-left\"><div class=\"kwayy-heading-wrapper-inner\"><h2 class=\"kwayy-heading-align-left\"><span>ISTORIC<\/span><\/h2><\/div><\/header>[vc_column_text]Fondat \u00een 1993 \u00eentr-o pia\u0163\u0103 \u00een care democra\u0163ia \u015fi activit\u0103\u0163ile private f\u0103ceau primii pa\u015fi timizi, MEDICALTEST este primul laborator privat de analize medicale din Moldova, asum\u00e2ndu-\u015fi de la \u00eenceput rolul de lider \u015fi deschizator de drum \u00een domeniul medical privat.[\/vc_column_text][vc_empty_space height=&#8221;16px&#8221;][\/vc_column][vc_column width=&#8221;1\/2&#8243;]<header class=\"kwayy-heading-wrapper kwayy-heading-wrapper-align-left\"><div class=\"kwayy-heading-wrapper-inner\"><h2 class=\"kwayy-heading-align-left\"><span>MISIUNE<\/span><\/h2><\/div><\/header>[vc_column_text]\u00cen conformitate cu motto-ul firmei:\u00a0<strong><em>Suprema\u0163ie prin Calitate<\/em><\/strong>, misiunea noastr\u0103 este de a ne impune permanent ca furnizor de top de servicii medicale clinice \u015fi paraclinice, prin promptitudine \u015fi prin respectarea unui standard de calitate implementat p\u00e2n\u0103 la ultimul nivel.[\/vc_column_text][vc_empty_space height=&#8221;16px&#8221;][\/vc_column][\/vc_row][vc_row][vc_column width=&#8221;1\/2&#8243;]<header class=\"kwayy-heading-wrapper kwayy-heading-wrapper-align-left\"><div class=\"kwayy-heading-wrapper-inner\"><h2 class=\"kwayy-heading-align-left\"><span>VIZIUNE<\/span><\/h2><\/div><\/header>[vc_column_text]MEDICALTEST pune\u00a0\u00een prim-planul activit\u0103\u0163ii sale calitatea actului medical. \u00cen permanen\u0163\u0103 \u00eencerc\u0103m s\u0103 \u0163inem pasul cu noile standarde \u00een domeniu pentru \u00eembun\u0103t\u0103\u0163irea calit\u0103\u0163ii asisten\u0163ei medicale, asigur\u00e2nd o dezvoltare continu\u0103 a bazei materiale \u015fi a condi\u0163iilor ambientale oferite pacien\u0163ilor.[\/vc_column_text][vc_empty_space][\/vc_column][vc_column width=&#8221;1\/2&#8243;]<header class=\"kwayy-heading-wrapper kwayy-heading-wrapper-align-left\"><div class=\"kwayy-heading-wrapper-inner\"><h2 class=\"kwayy-heading-align-left\"><span>VALORI<\/span><\/h2><\/div><\/header>[vc_column_text]Principalele valori aflate la baza \u00eendeplinirii activit\u0103\u0163ii noastre profesionale sunt integritatea, flexibilitatea, obiectivitatea, competen\u0163a profesional\u0103, confiden\u0163ialitatea \u015fi respectul fa\u0163\u0103 de pacien\u0163i. Toate acesta pot asigura un sistem de s\u0103n\u0103tate performant, cu rezultate notabile \u00een via\u0163a dumneavoastr\u0103.[\/vc_column_text][vc_empty_space][\/vc_column][\/vc_row][vc_row][vc_column][vc_column_text]<strong>Ce \u00eenseamn\u0103, de fapt, actul medical?<\/strong> Efectuarea investiga\u0163iilor de laborator sigure, interpretarea corect\u0103 a rezultatelor, stabilirea diagnosticului \u015fi identificarea unei solu\u0163ii terapeutice optime. Ca \u015fi premize obligatorii pentru realizarea acestor deziderate, MEDICALTEST dispune de aparatur\u0103 de ultim\u0103 or\u0103 ce folose\u015fte tehologiile cele mai avansate deservite de o echip\u0103 de excep\u0163ie de medici primari de specialitate, ingineri, biologi, chimi\u015fti \u015fi asistente.<\/p>\n<p><strong>Atitudinea, mediul \u015fi atmosfera<\/strong> care \u00eenso\u0163esc actul medical \u00een sine sunt tratate la MEDICALTEST ca elemente vitale ale misiunii organiza\u0163iei. Personalul nostru te asigur\u0103 c\u0103 z\u00e2mbetul care te \u00eent\u00e2mpin\u0103 la recep\u0163ie, consulta\u0163iile am\u0103nun\u0163ite \u015fi cur\u0103\u0163enia des\u0103v\u00e2r\u015fit\u0103 vor fi constante ce te vor \u00eenso\u0163i pe tot parcursul experien\u0163ei tale la clinica noastr\u0103 \u015fi garanteaz\u0103 tuturor celor ce ne trec pragul c\u0103 vor fi trata\u0163i a\u015fa cum se cuvine: cu respect, considera\u0163ie \u015fi profesionalism.[\/vc_column_text][vc_empty_space][\/vc_column][\/vc_row][vc_row][vc_column width=&#8221;1\/3&#8243;][vc_single_image image=&#8221;1602&#8243; img_size=&#8221;full&#8221;][\/vc_column][vc_column width=&#8221;2\/3&#8243;]<header class=\"kwayy-heading-wrapper kwayy-heading-wrapper-align-left\"><div class=\"kwayy-heading-wrapper-inner\"><h2 class=\"kwayy-heading-align-left\"><span>Sedii MEDICALTEST<\/span><\/h2><\/div><\/header>[vc_column_text]MEDICALTEST se afla \u00een contract cu Casa de Asigur\u0103ri de S\u0103n\u0103tate Bac\u0103u, acesta fiind deservit de un numar de 7 puncte de lucru situate \u00een jude\u0163ele Bac\u0103u si Neam\u0163. Pe l\u00e2ng\u0103 activitatea de recoltare probe biologice la punctele noastre de lucru oferim \u015fi o gam\u0103 larg\u0103 de servicii \u00een domeniul cosulta\u0163iilor medicale de specialitate \u015fi medicina muncii.[\/vc_column_text][vc_column_text]<strong>Telefon:\u00a0<\/strong>0234.517.210 (tel\/fax), 0234.532.214<\/p>\n<p><strong>Bacau: str. Spiru Haret 8<\/strong>[\/vc_column_text][\/vc_column][\/vc_row][vc_row][vc_column]\n\t<div class=\"kwayy-client-wrapper container kwayy-client-view-default kwayy-client-column-three kwayy-effect-default kwayy-carousel-col-three kwayy-with-pagination\" >\n\t<header class=\"kwayy-heading-wrapper kwayy-heading-wrapper-align-left\"><div class=\"kwayy-heading-wrapper-inner\"><h2 class=\"kwayy-heading-align-left\"><span>Parteneri<\/span><\/h2><\/div><\/header><div class=\"row multi-columns-row kwayy-clients kwayy-default-items-wrapper\"><div class=\"col-lg-4 col-sm-6 col-md-4 col-xs-12\"><a href=\"https:\/\/www.medlife.ro\/\" target=\"_blank\" title=\"MedLife\"><img loading=\"lazy\" decoding=\"async\" width=\"513\" height=\"200\" src=\"https:\/\/medicaltest.ro\/wp-content\/uploads\/2016\/09\/medlife.jpg\" class=\"attachment-full size-full wp-post-image\" alt=\"\" srcset=\"https:\/\/medicaltest.ro\/wp-content\/uploads\/2016\/09\/medlife.jpg 513w, https:\/\/medicaltest.ro\/wp-content\/uploads\/2016\/09\/medlife-300x117.jpg 300w\" sizes=\"auto, (max-width: 513px) 100vw, 513px\" \/><\/a><\/div><div class=\"col-lg-4 col-sm-6 col-md-4 col-xs-12\"><a href=\"https:\/\/www.medicover.ro\/\" target=\"_blank\" title=\"Medicover\"><img loading=\"lazy\" decoding=\"async\" width=\"513\" height=\"200\" src=\"https:\/\/medicaltest.ro\/wp-content\/uploads\/2016\/09\/Medicover_logo.jpg\" class=\"attachment-full size-full wp-post-image\" alt=\"\" srcset=\"https:\/\/medicaltest.ro\/wp-content\/uploads\/2016\/09\/Medicover_logo.jpg 513w, https:\/\/medicaltest.ro\/wp-content\/uploads\/2016\/09\/Medicover_logo-300x117.jpg 300w\" sizes=\"auto, (max-width: 513px) 100vw, 513px\" \/><\/a><\/div><div class=\"col-lg-4 col-sm-6 col-md-4 col-xs-12\"><a href=\"https:\/\/bioclinica.ro\/\" target=\"_blank\" title=\"Bioclinica\"><img loading=\"lazy\" decoding=\"async\" width=\"513\" height=\"200\" src=\"https:\/\/medicaltest.ro\/wp-content\/uploads\/2016\/09\/bioclinica.jpg\" class=\"attachment-full size-full wp-post-image\" alt=\"\" srcset=\"https:\/\/medicaltest.ro\/wp-content\/uploads\/2016\/09\/bioclinica.jpg 513w, https:\/\/medicaltest.ro\/wp-content\/uploads\/2016\/09\/bioclinica-300x117.jpg 300w\" sizes=\"auto, (max-width: 513px) 100vw, 513px\" \/><\/a><\/div>\n\t<\/div><\/div>[\/vc_column][\/vc_row]<\/p>\n<\/div>","protected":false},"excerpt":{"rendered":"<p>[vc_row][vc_column width=&#8221;1\/2&#8243;][vc_column_text]Fondat \u00een 1993 \u00eentr-o pia\u0163\u0103 \u00een care democra\u0163ia \u015fi activit\u0103\u0163ile private f\u0103ceau primii pa\u015fi timizi, MEDICALTEST este primul laborator privat de analize medicale din Moldova, asum\u00e2ndu-\u015fi de la \u00eenceput rolul de lider \u015fi deschizator de drum \u00een domeniul medical privat.[\/vc_column_text][vc_empty_space height=&#8221;16px&#8221;][\/vc_column][vc_column width=&#8221;1\/2&#8243;][vc_column_text]\u00cen conformitate cu motto-ul firmei:\u00a0Suprema\u0163ie prin Calitate, misiunea noastr\u0103 este de a ne [&hellip;]<\/p>\n","protected":false},"author":1,"featured_media":0,"parent":0,"menu_order":0,"comment_status":"closed","ping_status":"closed","template":"","meta":{"footnotes":""},"class_list":["post-1601","page","type-page","status-publish","hentry"],"yoast_head":"<!-- This site is optimized with the Yoast SEO plugin v26.4 - https:\/\/yoast.com\/wordpress\/plugins\/seo\/ -->\n<title>Despre - MedicalTest<\/title>\n<meta name=\"robots\" content=\"index, follow, max-snippet:-1, max-image-preview:large, max-video-preview:-1\" \/>\n<link rel=\"canonical\" href=\"https:\/\/medicaltest.ro\/index.php\/despre\/\" \/>\n<meta property=\"og:locale\" content=\"ro_RO\" \/>\n<meta property=\"og:type\" content=\"article\" \/>\n<meta property=\"og:title\" content=\"Despre - MedicalTest\" \/>\n<meta property=\"og:description\" content=\"[vc_row][vc_column width=&#8221;1\/2&#8243;][vc_column_text]Fondat \u00een 1993 \u00eentr-o pia\u0163\u0103 \u00een care democra\u0163ia \u015fi activit\u0103\u0163ile private f\u0103ceau primii pa\u015fi timizi, MEDICALTEST este primul laborator privat de analize medicale din Moldova, asum\u00e2ndu-\u015fi de la \u00eenceput rolul de lider \u015fi deschizator de drum \u00een domeniul medical privat.[\/vc_column_text][vc_empty_space height=&#8221;16px&#8221;][\/vc_column][vc_column width=&#8221;1\/2&#8243;][vc_column_text]\u00cen conformitate cu motto-ul firmei:\u00a0Suprema\u0163ie prin Calitate, misiunea noastr\u0103 este de a ne [&hellip;]\" \/>\n<meta property=\"og:url\" content=\"https:\/\/medicaltest.ro\/index.php\/despre\/\" \/>\n<meta property=\"og:site_name\" content=\"MedicalTest\" \/>\n<meta property=\"article:modified_time\" content=\"2020-03-02T01:28:57+00:00\" \/>\n<meta name=\"twitter:card\" content=\"summary_large_image\" \/>\n<meta name=\"twitter:label1\" content=\"Timp estimat pentru citire\" \/>\n\t<meta name=\"twitter:data1\" content=\"3 minute\" \/>\n<script type=\"application\/ld+json\" class=\"yoast-schema-graph\">{\"@context\":\"https:\/\/schema.org\",\"@graph\":[{\"@type\":\"WebPage\",\"@id\":\"https:\/\/medicaltest.ro\/index.php\/despre\/\",\"url\":\"https:\/\/medicaltest.ro\/index.php\/despre\/\",\"name\":\"Despre - MedicalTest\",\"isPartOf\":{\"@id\":\"https:\/\/medicaltest.ro\/#website\"},\"datePublished\":\"2016-09-20T09:02:16+00:00\",\"dateModified\":\"2020-03-02T01:28:57+00:00\",\"breadcrumb\":{\"@id\":\"https:\/\/medicaltest.ro\/index.php\/despre\/#breadcrumb\"},\"inLanguage\":\"ro-RO\",\"potentialAction\":[{\"@type\":\"ReadAction\",\"target\":[\"https:\/\/medicaltest.ro\/index.php\/despre\/\"]}]},{\"@type\":\"BreadcrumbList\",\"@id\":\"https:\/\/medicaltest.ro\/index.php\/despre\/#breadcrumb\",\"itemListElement\":[{\"@type\":\"ListItem\",\"position\":1,\"name\":\"Acas\u0103\",\"item\":\"https:\/\/medicaltest.ro\/\"},{\"@type\":\"ListItem\",\"position\":2,\"name\":\"Despre\"}]},{\"@type\":\"WebSite\",\"@id\":\"https:\/\/medicaltest.ro\/#website\",\"url\":\"https:\/\/medicaltest.ro\/\",\"name\":\"MedicalTest\",\"description\":\"Iasi - Bacau\",\"potentialAction\":[{\"@type\":\"SearchAction\",\"target\":{\"@type\":\"EntryPoint\",\"urlTemplate\":\"https:\/\/medicaltest.ro\/?s={search_term_string}\"},\"query-input\":{\"@type\":\"PropertyValueSpecification\",\"valueRequired\":true,\"valueName\":\"search_term_string\"}}],\"inLanguage\":\"ro-RO\"}]}<\/script>\n<!-- \/ Yoast SEO plugin. -->","yoast_head_json":{"title":"Despre - MedicalTest","robots":{"index":"index","follow":"follow","max-snippet":"max-snippet:-1","max-image-preview":"max-image-preview:large","max-video-preview":"max-video-preview:-1"},"canonical":"https:\/\/medicaltest.ro\/index.php\/despre\/","og_locale":"ro_RO","og_type":"article","og_title":"Despre - MedicalTest","og_description":"[vc_row][vc_column width=&#8221;1\/2&#8243;][vc_column_text]Fondat \u00een 1993 \u00eentr-o pia\u0163\u0103 \u00een care democra\u0163ia \u015fi activit\u0103\u0163ile private f\u0103ceau primii pa\u015fi timizi, MEDICALTEST este primul laborator privat de analize medicale din Moldova, asum\u00e2ndu-\u015fi de la \u00eenceput rolul de lider \u015fi deschizator de drum \u00een domeniul medical privat.[\/vc_column_text][vc_empty_space height=&#8221;16px&#8221;][\/vc_column][vc_column width=&#8221;1\/2&#8243;][vc_column_text]\u00cen conformitate cu motto-ul firmei:\u00a0Suprema\u0163ie prin Calitate, misiunea noastr\u0103 este de a ne [&hellip;]","og_url":"https:\/\/medicaltest.ro\/index.php\/despre\/","og_site_name":"MedicalTest","article_modified_time":"2020-03-02T01:28:57+00:00","twitter_card":"summary_large_image","twitter_misc":{"Timp estimat pentru citire":"3 minute"},"schema":{"@context":"https:\/\/schema.org","@graph":[{"@type":"WebPage","@id":"https:\/\/medicaltest.ro\/index.php\/despre\/","url":"https:\/\/medicaltest.ro\/index.php\/despre\/","name":"Despre - MedicalTest","isPartOf":{"@id":"https:\/\/medicaltest.ro\/#website"},"datePublished":"2016-09-20T09:02:16+00:00","dateModified":"2020-03-02T01:28:57+00:00","breadcrumb":{"@id":"https:\/\/medicaltest.ro\/index.php\/despre\/#breadcrumb"},"inLanguage":"ro-RO","potentialAction":[{"@type":"ReadAction","target":["https:\/\/medicaltest.ro\/index.php\/despre\/"]}]},{"@type":"BreadcrumbList","@id":"https:\/\/medicaltest.ro\/index.php\/despre\/#breadcrumb","itemListElement":[{"@type":"ListItem","position":1,"name":"Acas\u0103","item":"https:\/\/medicaltest.ro\/"},{"@type":"ListItem","position":2,"name":"Despre"}]},{"@type":"WebSite","@id":"https:\/\/medicaltest.ro\/#website","url":"https:\/\/medicaltest.ro\/","name":"MedicalTest","description":"Iasi - Bacau","potentialAction":[{"@type":"SearchAction","target":{"@type":"EntryPoint","urlTemplate":"https:\/\/medicaltest.ro\/?s={search_term_string}"},"query-input":{"@type":"PropertyValueSpecification","valueRequired":true,"valueName":"search_term_string"}}],"inLanguage":"ro-RO"}]}},"_links":{"self":[{"href":"https:\/\/medicaltest.ro\/index.php\/wp-json\/wp\/v2\/pages\/1601","targetHints":{"allow":["GET"]}}],"collection":[{"href":"https:\/\/medicaltest.ro\/index.php\/wp-json\/wp\/v2\/pages"}],"about":[{"href":"https:\/\/medicaltest.ro\/index.php\/wp-json\/wp\/v2\/types\/page"}],"author":[{"embeddable":true,"href":"https:\/\/medicaltest.ro\/index.php\/wp-json\/wp\/v2\/users\/1"}],"replies":[{"embeddable":true,"href":"https:\/\/medicaltest.ro\/index.php\/wp-json\/wp\/v2\/comments?post=1601"}],"version-history":[{"count":3,"href":"https:\/\/medicaltest.ro\/index.php\/wp-json\/wp\/v2\/pages\/1601\/revisions"}],"predecessor-version":[{"id":2164,"href":"https:\/\/medicaltest.ro\/index.php\/wp-json\/wp\/v2\/pages\/1601\/revisions\/2164"}],"wp:attachment":[{"href":"https:\/\/medicaltest.ro\/index.php\/wp-json\/wp\/v2\/media?parent=1601"}],"curies":[{"name":"wp","href":"https:\/\/api.w.org\/{rel}","templated":true}]}}