{"id":1837,"date":"2016-10-19T10:28:31","date_gmt":"2016-10-19T07:28:31","guid":{"rendered":"http:\/\/medicaltest.ro\/?page_id=1837"},"modified":"2016-12-13T13:59:32","modified_gmt":"2016-12-13T10:59:32","slug":"date-firma","status":"publish","type":"page","link":"https:\/\/medicaltest.ro\/index.php\/date-firma\/","title":{"rendered":"Date firm\u0103"},"content":{"rendered":"<div class=\"wpb-content-wrapper\"><p>[vc_row][vc_column width=&#8221;1\/2&#8243;][vc_single_image image=&#8221;1838&#8243; img_size=&#8221;full&#8221;][\/vc_column][vc_column width=&#8221;1\/2&#8243;]<header class=\"kwayy-heading-wrapper kwayy-heading-wrapper-align-left\"><div class=\"kwayy-heading-wrapper-inner\"><h2 class=\"kwayy-heading-align-left\"><span>Date comerciale MEDICALTEST<\/span><\/h2><\/div><\/header>[vc_column_text]<strong>SC MEDICALTEST SRL<\/strong><br \/>\n<strong>CUI:<\/strong> 4014386<br \/>\n<strong>Nr. \u00cenmatriculare:<\/strong> J04\/214\/1993<br \/>\n<strong>Adresa:<\/strong> Strada Spiru Haret Nr. 8<br \/>\n<strong>Ora\u015f:<\/strong> Bac\u0103u, Rom\u00e2nia<br \/>\n<strong>Tel:<\/strong> +4.0234-532.214<br \/>\n<strong>E-mail:\u00a0<\/strong>administrativ@medicaltest.ro<br \/>\n<strong>Web:<\/strong> www.medicaltest.ro[\/vc_column_text][\/vc_column][\/vc_row]<\/p>\n<\/div>","protected":false},"excerpt":{"rendered":"<p>[vc_row][vc_column width=&#8221;1\/2&#8243;][vc_single_image image=&#8221;1838&#8243; img_size=&#8221;full&#8221;][\/vc_column][vc_column width=&#8221;1\/2&#8243;][vc_column_text]SC MEDICALTEST SRL CUI: 4014386 Nr. \u00cenmatriculare: J04\/214\/1993 Adresa: Strada Spiru Haret Nr. 8 Ora\u015f: Bac\u0103u, Rom\u00e2nia Tel: +4.0234-532.214 E-mail:\u00a0administrativ@medicaltest.ro Web: www.medicaltest.ro[\/vc_column_text][\/vc_column][\/vc_row]<\/p>\n","protected":false},"author":1,"featured_media":0,"parent":0,"menu_order":0,"comment_status":"closed","ping_status":"closed","template":"","meta":{"footnotes":""},"class_list":["post-1837","page","type-page","status-publish","hentry"],"yoast_head":"<!-- This site is optimized with the Yoast SEO plugin v26.4 - https:\/\/yoast.com\/wordpress\/plugins\/seo\/ -->\n<title>Date firm\u0103 - MedicalTest<\/title>\n<meta name=\"robots\" content=\"index, follow, max-snippet:-1, max-image-preview:large, max-video-preview:-1\" \/>\n<link rel=\"canonical\" href=\"https:\/\/medicaltest.ro\/index.php\/date-firma\/\" \/>\n<meta property=\"og:locale\" content=\"ro_RO\" \/>\n<meta property=\"og:type\" content=\"article\" \/>\n<meta property=\"og:title\" content=\"Date firm\u0103 - MedicalTest\" \/>\n<meta property=\"og:description\" content=\"[vc_row][vc_column width=&#8221;1\/2&#8243;][vc_single_image image=&#8221;1838&#8243; img_size=&#8221;full&#8221;][\/vc_column][vc_column width=&#8221;1\/2&#8243;][vc_column_text]SC MEDICALTEST SRL CUI: 4014386 Nr. \u00cenmatriculare: J04\/214\/1993 Adresa: Strada Spiru Haret Nr. 8 Ora\u015f: Bac\u0103u, Rom\u00e2nia Tel: +4.0234-532.214 E-mail:\u00a0administrativ@medicaltest.ro Web: www.medicaltest.ro[\/vc_column_text][\/vc_column][\/vc_row]\" \/>\n<meta property=\"og:url\" content=\"https:\/\/medicaltest.ro\/index.php\/date-firma\/\" \/>\n<meta property=\"og:site_name\" content=\"MedicalTest\" \/>\n<meta property=\"article:modified_time\" content=\"2016-12-13T10:59:32+00:00\" \/>\n<meta name=\"twitter:card\" content=\"summary_large_image\" \/>\n<script type=\"application\/ld+json\" class=\"yoast-schema-graph\">{\"@context\":\"https:\/\/schema.org\",\"@graph\":[{\"@type\":\"WebPage\",\"@id\":\"https:\/\/medicaltest.ro\/index.php\/date-firma\/\",\"url\":\"https:\/\/medicaltest.ro\/index.php\/date-firma\/\",\"name\":\"Date firm\u0103 - MedicalTest\",\"isPartOf\":{\"@id\":\"https:\/\/medicaltest.ro\/#website\"},\"datePublished\":\"2016-10-19T07:28:31+00:00\",\"dateModified\":\"2016-12-13T10:59:32+00:00\",\"breadcrumb\":{\"@id\":\"https:\/\/medicaltest.ro\/index.php\/date-firma\/#breadcrumb\"},\"inLanguage\":\"ro-RO\",\"potentialAction\":[{\"@type\":\"ReadAction\",\"target\":[\"https:\/\/medicaltest.ro\/index.php\/date-firma\/\"]}]},{\"@type\":\"BreadcrumbList\",\"@id\":\"https:\/\/medicaltest.ro\/index.php\/date-firma\/#breadcrumb\",\"itemListElement\":[{\"@type\":\"ListItem\",\"position\":1,\"name\":\"Acas\u0103\",\"item\":\"https:\/\/medicaltest.ro\/\"},{\"@type\":\"ListItem\",\"position\":2,\"name\":\"Date firm\u0103\"}]},{\"@type\":\"WebSite\",\"@id\":\"https:\/\/medicaltest.ro\/#website\",\"url\":\"https:\/\/medicaltest.ro\/\",\"name\":\"MedicalTest\",\"description\":\"Iasi - Bacau\",\"potentialAction\":[{\"@type\":\"SearchAction\",\"target\":{\"@type\":\"EntryPoint\",\"urlTemplate\":\"https:\/\/medicaltest.ro\/?s={search_term_string}\"},\"query-input\":{\"@type\":\"PropertyValueSpecification\",\"valueRequired\":true,\"valueName\":\"search_term_string\"}}],\"inLanguage\":\"ro-RO\"}]}<\/script>\n<!-- \/ Yoast SEO plugin. -->","yoast_head_json":{"title":"Date firm\u0103 - MedicalTest","robots":{"index":"index","follow":"follow","max-snippet":"max-snippet:-1","max-image-preview":"max-image-preview:large","max-video-preview":"max-video-preview:-1"},"canonical":"https:\/\/medicaltest.ro\/index.php\/date-firma\/","og_locale":"ro_RO","og_type":"article","og_title":"Date firm\u0103 - MedicalTest","og_description":"[vc_row][vc_column width=&#8221;1\/2&#8243;][vc_single_image image=&#8221;1838&#8243; img_size=&#8221;full&#8221;][\/vc_column][vc_column width=&#8221;1\/2&#8243;][vc_column_text]SC MEDICALTEST SRL CUI: 4014386 Nr. \u00cenmatriculare: J04\/214\/1993 Adresa: Strada Spiru Haret Nr. 8 Ora\u015f: Bac\u0103u, Rom\u00e2nia Tel: +4.0234-532.214 E-mail:\u00a0administrativ@medicaltest.ro Web: www.medicaltest.ro[\/vc_column_text][\/vc_column][\/vc_row]","og_url":"https:\/\/medicaltest.ro\/index.php\/date-firma\/","og_site_name":"MedicalTest","article_modified_time":"2016-12-13T10:59:32+00:00","twitter_card":"summary_large_image","schema":{"@context":"https:\/\/schema.org","@graph":[{"@type":"WebPage","@id":"https:\/\/medicaltest.ro\/index.php\/date-firma\/","url":"https:\/\/medicaltest.ro\/index.php\/date-firma\/","name":"Date firm\u0103 - MedicalTest","isPartOf":{"@id":"https:\/\/medicaltest.ro\/#website"},"datePublished":"2016-10-19T07:28:31+00:00","dateModified":"2016-12-13T10:59:32+00:00","breadcrumb":{"@id":"https:\/\/medicaltest.ro\/index.php\/date-firma\/#breadcrumb"},"inLanguage":"ro-RO","potentialAction":[{"@type":"ReadAction","target":["https:\/\/medicaltest.ro\/index.php\/date-firma\/"]}]},{"@type":"BreadcrumbList","@id":"https:\/\/medicaltest.ro\/index.php\/date-firma\/#breadcrumb","itemListElement":[{"@type":"ListItem","position":1,"name":"Acas\u0103","item":"https:\/\/medicaltest.ro\/"},{"@type":"ListItem","position":2,"name":"Date firm\u0103"}]},{"@type":"WebSite","@id":"https:\/\/medicaltest.ro\/#website","url":"https:\/\/medicaltest.ro\/","name":"MedicalTest","description":"Iasi - Bacau","potentialAction":[{"@type":"SearchAction","target":{"@type":"EntryPoint","urlTemplate":"https:\/\/medicaltest.ro\/?s={search_term_string}"},"query-input":{"@type":"PropertyValueSpecification","valueRequired":true,"valueName":"search_term_string"}}],"inLanguage":"ro-RO"}]}},"_links":{"self":[{"href":"https:\/\/medicaltest.ro\/index.php\/wp-json\/wp\/v2\/pages\/1837","targetHints":{"allow":["GET"]}}],"collection":[{"href":"https:\/\/medicaltest.ro\/index.php\/wp-json\/wp\/v2\/pages"}],"about":[{"href":"https:\/\/medicaltest.ro\/index.php\/wp-json\/wp\/v2\/types\/page"}],"author":[{"embeddable":true,"href":"https:\/\/medicaltest.ro\/index.php\/wp-json\/wp\/v2\/users\/1"}],"replies":[{"embeddable":true,"href":"https:\/\/medicaltest.ro\/index.php\/wp-json\/wp\/v2\/comments?post=1837"}],"version-history":[{"count":0,"href":"https:\/\/medicaltest.ro\/index.php\/wp-json\/wp\/v2\/pages\/1837\/revisions"}],"wp:attachment":[{"href":"https:\/\/medicaltest.ro\/index.php\/wp-json\/wp\/v2\/media?parent=1837"}],"curies":[{"name":"wp","href":"https:\/\/api.w.org\/{rel}","templated":true}]}}