{"id":1843,"date":"2016-10-19T11:08:20","date_gmt":"2016-10-19T08:08:20","guid":{"rendered":"http:\/\/medicaltest.ro\/?page_id=1843"},"modified":"2016-10-19T11:13:22","modified_gmt":"2016-10-19T08:13:22","slug":"programari","status":"publish","type":"page","link":"https:\/\/medicaltest.ro\/index.php\/programari\/","title":{"rendered":"Program\u0103ri"},"content":{"rendered":"<div class=\"wpb-content-wrapper\"><p>[vc_row][vc_column]<header class=\"kwayy-heading-wrapper kwayy-heading-wrapper-align-left\"><div class=\"kwayy-heading-wrapper-inner\"><h2 class=\"kwayy-heading-align-left\"><span>Program\u0103ri online MEDICALTEST<\/span><\/h2><\/div><\/header>[vc_column_text]<\/p>\n<h4>Prin intermediul formularului de mai jos, pute\u0163i\u00a0cere o programare pentru analize.<br \/>\nVe\u0163i fi sunat ulterior pentru confirmarea zilei \u015fi orei. V\u0103 mul\u0163umim!<\/h4>\n<p>[\/vc_column_text]\n<div class=\"wpcf7 no-js\" id=\"wpcf7-f1842-o1\" lang=\"en-US\" dir=\"ltr\" data-wpcf7-id=\"1842\">\n<div class=\"screen-reader-response\"><p role=\"status\" aria-live=\"polite\" aria-atomic=\"true\"><\/p> <ul><\/ul><\/div>\n<form action=\"\/index.php\/wp-json\/wp\/v2\/pages\/1843#wpcf7-f1842-o1\" method=\"post\" class=\"wpcf7-form init\" aria-label=\"Contact form\" novalidate=\"novalidate\" data-status=\"init\">\n<fieldset class=\"hidden-fields-container\"><input type=\"hidden\" name=\"_wpcf7\" value=\"1842\" \/><input type=\"hidden\" name=\"_wpcf7_version\" value=\"6.1.3\" \/><input type=\"hidden\" name=\"_wpcf7_locale\" value=\"en_US\" \/><input type=\"hidden\" name=\"_wpcf7_unit_tag\" value=\"wpcf7-f1842-o1\" \/><input type=\"hidden\" name=\"_wpcf7_container_post\" value=\"0\" \/><input type=\"hidden\" name=\"_wpcf7_posted_data_hash\" value=\"\" \/>\n<\/fieldset>\n<p>Numele dumneavoastr\u0103 (necesar)\n<\/p>\n<p><span class=\"wpcf7-form-control-wrap\" data-name=\"your-name\"><input size=\"40\" maxlength=\"400\" class=\"wpcf7-form-control wpcf7-text wpcf7-validates-as-required\" aria-required=\"true\" aria-invalid=\"false\" value=\"\" type=\"text\" name=\"your-name\" \/><\/span>\n<\/p>\n<p>CNP (necesar)\n<\/p>\n<p><span class=\"wpcf7-form-control-wrap\" data-name=\"CNP\"><input size=\"40\" maxlength=\"400\" class=\"wpcf7-form-control wpcf7-text wpcf7-validates-as-required\" aria-required=\"true\" aria-invalid=\"false\" value=\"\" type=\"text\" name=\"CNP\" \/><\/span>\n<\/p>\n<p>Telefon (necesar)\n<\/p>\n<p><span class=\"wpcf7-form-control-wrap\" data-name=\"telefon\"><input size=\"40\" maxlength=\"400\" class=\"wpcf7-form-control wpcf7-text wpcf7-validates-as-required\" aria-required=\"true\" aria-invalid=\"false\" value=\"\" type=\"text\" name=\"telefon\" \/><\/span>\n<\/p>\n<p>Email (necesar)\n<\/p>\n<p><span class=\"wpcf7-form-control-wrap\" data-name=\"your-email\"><input size=\"40\" maxlength=\"400\" class=\"wpcf7-form-control wpcf7-email wpcf7-validates-as-required wpcf7-text wpcf7-validates-as-email\" aria-required=\"true\" aria-invalid=\"false\" value=\"\" type=\"email\" name=\"your-email\" \/><\/span>\n<\/p>\n<p>Data program\u0103rii (necesar)\n<\/p>\n<p><span class=\"wpcf7-form-control-wrap\" data-name=\"Data\"><input class=\"wpcf7-form-control wpcf7-date wpcf7-validates-as-required wpcf7-validates-as-date\" aria-required=\"true\" aria-invalid=\"false\" value=\"\" type=\"date\" name=\"Data\" \/><\/span>\n<\/p>\n<p>Punct de lucru\n<\/p>\n<p><span class=\"wpcf7-form-control-wrap\" data-name=\"Punct-lucru\"><select class=\"wpcf7-form-control wpcf7-select wpcf7-validates-as-required\" aria-required=\"true\" aria-invalid=\"false\" name=\"Punct-lucru\"><option value=\"BACAU - Str. Spiru Haret Nr. 8\">BACAU - Str. Spiru Haret Nr. 8<\/option><option value=\"IASI 1 -Str. Pacurari Nr. 150\">IASI 1 -Str. Pacurari Nr. 150<\/option><option value=\"IASI 2 - Str. Tutora nr. 8\">IASI 2 - Str. Tutora nr. 8<\/option><option value=\"PIATRA NEAMT - Str. Decebal nr. 86\">PIATRA NEAMT - Str. Decebal nr. 86<\/option><option value=\"ROMAN - Strada Cuza Voda nr. 58\">ROMAN - Strada Cuza Voda nr. 58<\/option><option value=\"PASCANI - Str. Ceferistilor Nr. 2\">PASCANI - Str. Ceferistilor Nr. 2<\/option><option value=\"ONESTI - Str. Belvedere Nr. 3\">ONESTI - Str. Belvedere Nr. 3<\/option><option value=\"TARGU OCNA - Str. 9 Mai\">TARGU OCNA - Str. 9 Mai<\/option><option value=\"COMANE\u015eTI - Str. Stefan cel Mare\">COMANE\u015eTI - Str. Stefan cel Mare<\/option><\/select><\/span>\n<\/p>\n<p>Mesaj, detalii, solicit\u0103ri:\n<\/p>\n<p><span class=\"wpcf7-form-control-wrap\" data-name=\"your-message\"><textarea cols=\"40\" rows=\"10\" maxlength=\"2000\" class=\"wpcf7-form-control wpcf7-textarea\" aria-invalid=\"false\" name=\"your-message\"><\/textarea><\/span>\n<\/p>\n<p><input class=\"wpcf7-form-control wpcf7-submit has-spinner\" type=\"submit\" value=\"Trimite\" \/>\n<\/p><div class=\"wpcf7-response-output\" aria-hidden=\"true\"><\/div>\n<\/form>\n<\/div>\n[\/vc_column][\/vc_row]<\/p>\n<\/div>","protected":false},"excerpt":{"rendered":"<p>[vc_row][vc_column][vc_column_text] Prin intermediul formularului de mai jos, pute\u0163i\u00a0cere o programare pentru analize. Ve\u0163i fi sunat ulterior pentru confirmarea zilei \u015fi orei. V\u0103 mul\u0163umim! [\/vc_column_text][\/vc_column][\/vc_row]<\/p>\n","protected":false},"author":1,"featured_media":0,"parent":0,"menu_order":12,"comment_status":"closed","ping_status":"open","template":"","meta":{"footnotes":""},"class_list":["post-1843","page","type-page","status-publish","hentry"],"yoast_head":"<!-- This site is optimized with the Yoast SEO plugin v26.4 - https:\/\/yoast.com\/wordpress\/plugins\/seo\/ -->\n<title>Program\u0103ri - MedicalTest<\/title>\n<meta name=\"robots\" content=\"index, follow, max-snippet:-1, max-image-preview:large, max-video-preview:-1\" \/>\n<link rel=\"canonical\" href=\"https:\/\/medicaltest.ro\/index.php\/programari\/\" \/>\n<meta property=\"og:locale\" content=\"ro_RO\" \/>\n<meta property=\"og:type\" content=\"article\" \/>\n<meta property=\"og:title\" content=\"Program\u0103ri - MedicalTest\" \/>\n<meta property=\"og:description\" content=\"[vc_row][vc_column][vc_column_text] Prin intermediul formularului de mai jos, pute\u0163i\u00a0cere o programare pentru analize. Ve\u0163i fi sunat ulterior pentru confirmarea zilei \u015fi orei. V\u0103 mul\u0163umim! [\/vc_column_text][\/vc_column][\/vc_row]\" \/>\n<meta property=\"og:url\" content=\"https:\/\/medicaltest.ro\/index.php\/programari\/\" \/>\n<meta property=\"og:site_name\" content=\"MedicalTest\" \/>\n<meta property=\"article:modified_time\" content=\"2016-10-19T08:13:22+00:00\" \/>\n<meta name=\"twitter:card\" content=\"summary_large_image\" \/>\n<script type=\"application\/ld+json\" class=\"yoast-schema-graph\">{\"@context\":\"https:\/\/schema.org\",\"@graph\":[{\"@type\":\"WebPage\",\"@id\":\"https:\/\/medicaltest.ro\/index.php\/programari\/\",\"url\":\"https:\/\/medicaltest.ro\/index.php\/programari\/\",\"name\":\"Program\u0103ri - MedicalTest\",\"isPartOf\":{\"@id\":\"https:\/\/medicaltest.ro\/#website\"},\"datePublished\":\"2016-10-19T08:08:20+00:00\",\"dateModified\":\"2016-10-19T08:13:22+00:00\",\"breadcrumb\":{\"@id\":\"https:\/\/medicaltest.ro\/index.php\/programari\/#breadcrumb\"},\"inLanguage\":\"ro-RO\",\"potentialAction\":[{\"@type\":\"ReadAction\",\"target\":[\"https:\/\/medicaltest.ro\/index.php\/programari\/\"]}]},{\"@type\":\"BreadcrumbList\",\"@id\":\"https:\/\/medicaltest.ro\/index.php\/programari\/#breadcrumb\",\"itemListElement\":[{\"@type\":\"ListItem\",\"position\":1,\"name\":\"Acas\u0103\",\"item\":\"https:\/\/medicaltest.ro\/\"},{\"@type\":\"ListItem\",\"position\":2,\"name\":\"Program\u0103ri\"}]},{\"@type\":\"WebSite\",\"@id\":\"https:\/\/medicaltest.ro\/#website\",\"url\":\"https:\/\/medicaltest.ro\/\",\"name\":\"MedicalTest\",\"description\":\"Iasi - Bacau\",\"potentialAction\":[{\"@type\":\"SearchAction\",\"target\":{\"@type\":\"EntryPoint\",\"urlTemplate\":\"https:\/\/medicaltest.ro\/?s={search_term_string}\"},\"query-input\":{\"@type\":\"PropertyValueSpecification\",\"valueRequired\":true,\"valueName\":\"search_term_string\"}}],\"inLanguage\":\"ro-RO\"}]}<\/script>\n<!-- \/ Yoast SEO plugin. -->","yoast_head_json":{"title":"Program\u0103ri - MedicalTest","robots":{"index":"index","follow":"follow","max-snippet":"max-snippet:-1","max-image-preview":"max-image-preview:large","max-video-preview":"max-video-preview:-1"},"canonical":"https:\/\/medicaltest.ro\/index.php\/programari\/","og_locale":"ro_RO","og_type":"article","og_title":"Program\u0103ri - MedicalTest","og_description":"[vc_row][vc_column][vc_column_text] Prin intermediul formularului de mai jos, pute\u0163i\u00a0cere o programare pentru analize. Ve\u0163i fi sunat ulterior pentru confirmarea zilei \u015fi orei. V\u0103 mul\u0163umim! [\/vc_column_text][\/vc_column][\/vc_row]","og_url":"https:\/\/medicaltest.ro\/index.php\/programari\/","og_site_name":"MedicalTest","article_modified_time":"2016-10-19T08:13:22+00:00","twitter_card":"summary_large_image","schema":{"@context":"https:\/\/schema.org","@graph":[{"@type":"WebPage","@id":"https:\/\/medicaltest.ro\/index.php\/programari\/","url":"https:\/\/medicaltest.ro\/index.php\/programari\/","name":"Program\u0103ri - MedicalTest","isPartOf":{"@id":"https:\/\/medicaltest.ro\/#website"},"datePublished":"2016-10-19T08:08:20+00:00","dateModified":"2016-10-19T08:13:22+00:00","breadcrumb":{"@id":"https:\/\/medicaltest.ro\/index.php\/programari\/#breadcrumb"},"inLanguage":"ro-RO","potentialAction":[{"@type":"ReadAction","target":["https:\/\/medicaltest.ro\/index.php\/programari\/"]}]},{"@type":"BreadcrumbList","@id":"https:\/\/medicaltest.ro\/index.php\/programari\/#breadcrumb","itemListElement":[{"@type":"ListItem","position":1,"name":"Acas\u0103","item":"https:\/\/medicaltest.ro\/"},{"@type":"ListItem","position":2,"name":"Program\u0103ri"}]},{"@type":"WebSite","@id":"https:\/\/medicaltest.ro\/#website","url":"https:\/\/medicaltest.ro\/","name":"MedicalTest","description":"Iasi - Bacau","potentialAction":[{"@type":"SearchAction","target":{"@type":"EntryPoint","urlTemplate":"https:\/\/medicaltest.ro\/?s={search_term_string}"},"query-input":{"@type":"PropertyValueSpecification","valueRequired":true,"valueName":"search_term_string"}}],"inLanguage":"ro-RO"}]}},"_links":{"self":[{"href":"https:\/\/medicaltest.ro\/index.php\/wp-json\/wp\/v2\/pages\/1843","targetHints":{"allow":["GET"]}}],"collection":[{"href":"https:\/\/medicaltest.ro\/index.php\/wp-json\/wp\/v2\/pages"}],"about":[{"href":"https:\/\/medicaltest.ro\/index.php\/wp-json\/wp\/v2\/types\/page"}],"author":[{"embeddable":true,"href":"https:\/\/medicaltest.ro\/index.php\/wp-json\/wp\/v2\/users\/1"}],"replies":[{"embeddable":true,"href":"https:\/\/medicaltest.ro\/index.php\/wp-json\/wp\/v2\/comments?post=1843"}],"version-history":[{"count":0,"href":"https:\/\/medicaltest.ro\/index.php\/wp-json\/wp\/v2\/pages\/1843\/revisions"}],"wp:attachment":[{"href":"https:\/\/medicaltest.ro\/index.php\/wp-json\/wp\/v2\/media?parent=1843"}],"curies":[{"name":"wp","href":"https:\/\/api.w.org\/{rel}","templated":true}]}}