{"id":2088,"date":"2018-10-23T13:31:41","date_gmt":"2018-10-23T10:31:41","guid":{"rendered":"http:\/\/medicaltest.ro\/?page_id=2088"},"modified":"2019-05-23T02:55:07","modified_gmt":"2019-05-22T23:55:07","slug":"politica-de-confidentialitate","status":"publish","type":"page","link":"https:\/\/medicaltest.ro\/index.php\/politica-de-confidentialitate\/","title":{"rendered":"Politica de confidentialitate"},"content":{"rendered":"<h2>Termeni \u015fi condi\u0163ii GDPR<\/h2>\n<p>Va aducem la cunostinta ca din 25 mai 2018 devine aplicabil Regulamentul European 2016\/679 privind protectia persoanelor fizice referitor la prelucrarea datelor cu caracter personal si libera circulatie a acestor date (&#8220;Regulamentul&#8221;). Scopul principal al acestuia este cresterea nivelului de protectie a datelor personale si crearea unui climat de incredere care sa permita fiecarei persoane controlul asupra propriilor date. Astfel, consideram ca este un moment potrivit sa te informam cum protejam datele tale personale si cum ne insusim prevederile Regulamentului.<\/p>\n<p><strong>CE DATE PERSONALE PRELUCRAM:<\/strong><\/p>\n<p>-datele personale pe care le prelucram sunt,\u00a0\u00a0date personale(nume \u0219i prenume,numele \u0219i prenumele membrilor de familie, sexul, data \u0219i locul na\u0219terii,semn\u0103tura,caracteristici fizice,telefon, adres\u0103, email,profesie,loc de munc\u0103, ocupa\u021bie, domeniu de activitate) date \u00a0referitoare la\u00a0starea de s\u0103n\u0103tate fizic\u0103 sau mental\u0103 trecut\u0103, prezent\u0103 sau viitoare a pacientilor, colectate \u00een cadrul \u00eenscrierii acestora la programari\/acordare de\u00a0 servicii medicale<br \/>\n-Prelucram datele personale doar pentru scopuri legitime, precum acela de a-ti furniza\u00a0 servicii medicale sau pentru a-ti oferi asistenta\/informatii\u00a0 cu privire la serviciile medicale oferite, in scopul imbunatatirii serviciilor medicale oferite (chestionar de evaluare a satisfactiei). Prelucrarea datelor personale se intemeiaza intotdeauna\u00a0 pe consimtamantul tau daca ti-ai manifestat optiunea in acest sens.<br \/>\n-Intreg personalul SC MEDICALTEST SRL respecta pastrarea confidentialitatii datelor, avand acesta obligatie stipulata in Fisa Postului, Regulamentul de Organizare si Functionare, Regulamentul Intern.<\/p>\n<p>&nbsp;<\/p>\n<p><strong>CAT TIMP PRELUCRAM DATELE PERSONALE?<\/strong><\/p>\n<p>Datele tale personale raman in baza noastra de date cel putin pe perioada impusa de prevederile legale aplicabile in domeniu, inclusiv, dar fara limitare, la dispozitiile privind arhivare sau pana la exercitarea dreptului pacientului privind stergerea datelor personale.<\/p>\n<p>&nbsp;<\/p>\n<table>\n<thead>\n<tr>\n<td width=\"624\"><strong>\u00a0COMUNICAM DATELE PERSONALE CATRE ALTI DESTINATARI?<\/strong><\/td>\n<\/tr>\n<\/thead>\n<tbody>\n<tr>\n<td width=\"624\"><strong>Pentru a-ti oferi servicii medicale cat mai rapide si complexe\u00a0\u00a0am externalizat furnizarea anumitor servicii medicale\u00a0 catre alti parteneri de servicii medicale,\u00a0\u00a0asigurandu-ne insa intotdeauna ca instituim garantii adecvate pentru protejarea datelor tale.<br \/>\nDeasemenea, transmitem datele tale personale catre Casa Nationala de Asigurari de Sanatate in vederea decontarii serviciilor efectuate, catre Directia de Sanatate Publica( statistici),D.E.S-Dosarul electronic al pacientului, ANMCS,-Agentia Nationala de Management al Calitatii in Sanatate, SNSPMPDSB- Scoala Nationala de Sanatate Publica Mangement si Perfectionare in Domeniul Sanitar, ITM-Inspectoratul Teritorial de Munca.<\/strong><strong>\u00a0<\/strong><strong>\u00a0CARE SUNT DREPTURILE TALE?\u00a0<\/strong><\/p>\n<table>\n<tbody>\n<tr>\n<td width=\"624\"><strong>Dreptul la informare\u00a0\u2013 poti solicita informatii privind activitatile de prelucrare a datelor tale personale;<\/strong><\/td>\n<\/tr>\n<tr>\n<td width=\"624\"><strong>Dreptul la rectificare\u00a0\u2013 poti rectifica datele personale inexacte sau le poti completa;<\/strong><\/td>\n<\/tr>\n<tr>\n<td width=\"624\"><strong>Dreptul la stergerea datelor\u00a0(&#8220;dreptul de a fi uitat&#8221;) \u2013 poti obtine stergerea datelor, in cazul in care prelucrarea acestora nu a fost legala sau in alte cazuri prevazute de lege;<\/strong><\/td>\n<\/tr>\n<tr>\n<td width=\"624\"><strong>Dreptul la restrictionarea prelucrarii\u00a0&#8211; poti solicita restrictionarea prelucrarii in cazul in care contesti exactitatea datelor, precum si in alte cazuri prevazute de lege;<\/strong><\/td>\n<\/tr>\n<tr>\n<td width=\"624\"><strong>Dreptul de opozitie\u00a0\u2013 poti sa te opui, in special, prelucrarilor de date care se intemeiaza pe interesul nostru legitim;<\/strong><\/td>\n<\/tr>\n<tr>\n<td width=\"624\"><strong>Dreptul la portabilitatea datelor\u00a0&#8211; poti primi, in anumite conditii, datele personale pe care ni le-ai furnizat, intr-un format care poate fi citit automat sau poti solicita ca respectivele date sa fie transmise altui operator;<\/strong><\/td>\n<\/tr>\n<tr>\n<td width=\"624\"><strong>Dreptul de a depune plangere\u00a0&#8211; poti depune plangere fata de modalitatea de prelucrare a datelor personale la Autoritatea Nationala de Supraveghere a Prelucrarii Datelor cu Caracter Personal;<\/strong><\/td>\n<\/tr>\n<tr>\n<td width=\"624\"><strong>Dreptul de retragere a consimtamantului\u00a0\u2013 in cazurile in care prelucrarea se intemeiaza pe consimtamantul tau, ti-l poti retrage oricand. Retragerea consimtamantului va avea efecte doar pentru viitor, prelucrarea efectuata anterior retragerii ramanand in continuare valabila;<\/strong><\/td>\n<\/tr>\n<tr>\n<td width=\"624\"><strong>Drepturi suplimentare\u00a0aferente deciziilor automate: poti cere si obtine interventia umana cu privire la respectiva prelucrare, iti poti exprima propriul punct de vedere cu privire la aceasta si poti contesta decizia.<\/strong><\/td>\n<\/tr>\n<\/tbody>\n<\/table>\n<\/td>\n<\/tr>\n<\/tbody>\n<\/table>\n<p>&nbsp;<\/p>\n<p>&nbsp;<\/p>\n<p><b>[ultimate_gdpr_terms_accept]<\/b><\/p>\n","protected":false},"excerpt":{"rendered":"<p>Termeni \u015fi condi\u0163ii GDPR Va aducem la cunostinta ca din 25 mai 2018 devine aplicabil Regulamentul European 2016\/679 privind protectia persoanelor fizice referitor la prelucrarea datelor cu caracter personal si libera circulatie a acestor date (&#8220;Regulamentul&#8221;). Scopul principal al acestuia este cresterea nivelului de protectie a datelor personale si crearea unui climat de incredere care [&hellip;]<\/p>\n","protected":false},"author":1,"featured_media":0,"parent":0,"menu_order":0,"comment_status":"closed","ping_status":"closed","template":"","meta":{"footnotes":""},"class_list":["post-2088","page","type-page","status-publish","hentry"],"yoast_head":"<!-- This site is optimized with the Yoast SEO plugin v26.4 - https:\/\/yoast.com\/wordpress\/plugins\/seo\/ -->\n<title>Politica de confidentialitate - MedicalTest<\/title>\n<meta name=\"robots\" content=\"index, follow, max-snippet:-1, max-image-preview:large, max-video-preview:-1\" \/>\n<link rel=\"canonical\" href=\"https:\/\/medicaltest.ro\/index.php\/politica-de-confidentialitate\/\" \/>\n<meta property=\"og:locale\" content=\"ro_RO\" \/>\n<meta property=\"og:type\" content=\"article\" \/>\n<meta property=\"og:title\" content=\"Politica de confidentialitate - MedicalTest\" \/>\n<meta property=\"og:description\" content=\"Termeni \u015fi condi\u0163ii GDPR Va aducem la cunostinta ca din 25 mai 2018 devine aplicabil Regulamentul European 2016\/679 privind protectia persoanelor fizice referitor la prelucrarea datelor cu caracter personal si libera circulatie a acestor date (&#8220;Regulamentul&#8221;). Scopul principal al acestuia este cresterea nivelului de protectie a datelor personale si crearea unui climat de incredere care [&hellip;]\" \/>\n<meta property=\"og:url\" content=\"https:\/\/medicaltest.ro\/index.php\/politica-de-confidentialitate\/\" \/>\n<meta property=\"og:site_name\" content=\"MedicalTest\" \/>\n<meta property=\"article:modified_time\" content=\"2019-05-22T23:55:07+00:00\" \/>\n<meta name=\"twitter:card\" content=\"summary_large_image\" \/>\n<meta name=\"twitter:label1\" content=\"Timp estimat pentru citire\" \/>\n\t<meta name=\"twitter:data1\" content=\"3 minute\" \/>\n<script type=\"application\/ld+json\" class=\"yoast-schema-graph\">{\"@context\":\"https:\/\/schema.org\",\"@graph\":[{\"@type\":\"WebPage\",\"@id\":\"https:\/\/medicaltest.ro\/index.php\/politica-de-confidentialitate\/\",\"url\":\"https:\/\/medicaltest.ro\/index.php\/politica-de-confidentialitate\/\",\"name\":\"Politica de confidentialitate - MedicalTest\",\"isPartOf\":{\"@id\":\"https:\/\/medicaltest.ro\/#website\"},\"datePublished\":\"2018-10-23T10:31:41+00:00\",\"dateModified\":\"2019-05-22T23:55:07+00:00\",\"breadcrumb\":{\"@id\":\"https:\/\/medicaltest.ro\/index.php\/politica-de-confidentialitate\/#breadcrumb\"},\"inLanguage\":\"ro-RO\",\"potentialAction\":[{\"@type\":\"ReadAction\",\"target\":[\"https:\/\/medicaltest.ro\/index.php\/politica-de-confidentialitate\/\"]}]},{\"@type\":\"BreadcrumbList\",\"@id\":\"https:\/\/medicaltest.ro\/index.php\/politica-de-confidentialitate\/#breadcrumb\",\"itemListElement\":[{\"@type\":\"ListItem\",\"position\":1,\"name\":\"Acas\u0103\",\"item\":\"https:\/\/medicaltest.ro\/\"},{\"@type\":\"ListItem\",\"position\":2,\"name\":\"Politica de confidentialitate\"}]},{\"@type\":\"WebSite\",\"@id\":\"https:\/\/medicaltest.ro\/#website\",\"url\":\"https:\/\/medicaltest.ro\/\",\"name\":\"MedicalTest\",\"description\":\"Iasi - Bacau\",\"potentialAction\":[{\"@type\":\"SearchAction\",\"target\":{\"@type\":\"EntryPoint\",\"urlTemplate\":\"https:\/\/medicaltest.ro\/?s={search_term_string}\"},\"query-input\":{\"@type\":\"PropertyValueSpecification\",\"valueRequired\":true,\"valueName\":\"search_term_string\"}}],\"inLanguage\":\"ro-RO\"}]}<\/script>\n<!-- \/ Yoast SEO plugin. -->","yoast_head_json":{"title":"Politica de confidentialitate - MedicalTest","robots":{"index":"index","follow":"follow","max-snippet":"max-snippet:-1","max-image-preview":"max-image-preview:large","max-video-preview":"max-video-preview:-1"},"canonical":"https:\/\/medicaltest.ro\/index.php\/politica-de-confidentialitate\/","og_locale":"ro_RO","og_type":"article","og_title":"Politica de confidentialitate - MedicalTest","og_description":"Termeni \u015fi condi\u0163ii GDPR Va aducem la cunostinta ca din 25 mai 2018 devine aplicabil Regulamentul European 2016\/679 privind protectia persoanelor fizice referitor la prelucrarea datelor cu caracter personal si libera circulatie a acestor date (&#8220;Regulamentul&#8221;). Scopul principal al acestuia este cresterea nivelului de protectie a datelor personale si crearea unui climat de incredere care [&hellip;]","og_url":"https:\/\/medicaltest.ro\/index.php\/politica-de-confidentialitate\/","og_site_name":"MedicalTest","article_modified_time":"2019-05-22T23:55:07+00:00","twitter_card":"summary_large_image","twitter_misc":{"Timp estimat pentru citire":"3 minute"},"schema":{"@context":"https:\/\/schema.org","@graph":[{"@type":"WebPage","@id":"https:\/\/medicaltest.ro\/index.php\/politica-de-confidentialitate\/","url":"https:\/\/medicaltest.ro\/index.php\/politica-de-confidentialitate\/","name":"Politica de confidentialitate - MedicalTest","isPartOf":{"@id":"https:\/\/medicaltest.ro\/#website"},"datePublished":"2018-10-23T10:31:41+00:00","dateModified":"2019-05-22T23:55:07+00:00","breadcrumb":{"@id":"https:\/\/medicaltest.ro\/index.php\/politica-de-confidentialitate\/#breadcrumb"},"inLanguage":"ro-RO","potentialAction":[{"@type":"ReadAction","target":["https:\/\/medicaltest.ro\/index.php\/politica-de-confidentialitate\/"]}]},{"@type":"BreadcrumbList","@id":"https:\/\/medicaltest.ro\/index.php\/politica-de-confidentialitate\/#breadcrumb","itemListElement":[{"@type":"ListItem","position":1,"name":"Acas\u0103","item":"https:\/\/medicaltest.ro\/"},{"@type":"ListItem","position":2,"name":"Politica de confidentialitate"}]},{"@type":"WebSite","@id":"https:\/\/medicaltest.ro\/#website","url":"https:\/\/medicaltest.ro\/","name":"MedicalTest","description":"Iasi - Bacau","potentialAction":[{"@type":"SearchAction","target":{"@type":"EntryPoint","urlTemplate":"https:\/\/medicaltest.ro\/?s={search_term_string}"},"query-input":{"@type":"PropertyValueSpecification","valueRequired":true,"valueName":"search_term_string"}}],"inLanguage":"ro-RO"}]}},"_links":{"self":[{"href":"https:\/\/medicaltest.ro\/index.php\/wp-json\/wp\/v2\/pages\/2088","targetHints":{"allow":["GET"]}}],"collection":[{"href":"https:\/\/medicaltest.ro\/index.php\/wp-json\/wp\/v2\/pages"}],"about":[{"href":"https:\/\/medicaltest.ro\/index.php\/wp-json\/wp\/v2\/types\/page"}],"author":[{"embeddable":true,"href":"https:\/\/medicaltest.ro\/index.php\/wp-json\/wp\/v2\/users\/1"}],"replies":[{"embeddable":true,"href":"https:\/\/medicaltest.ro\/index.php\/wp-json\/wp\/v2\/comments?post=2088"}],"version-history":[{"count":4,"href":"https:\/\/medicaltest.ro\/index.php\/wp-json\/wp\/v2\/pages\/2088\/revisions"}],"predecessor-version":[{"id":2160,"href":"https:\/\/medicaltest.ro\/index.php\/wp-json\/wp\/v2\/pages\/2088\/revisions\/2160"}],"wp:attachment":[{"href":"https:\/\/medicaltest.ro\/index.php\/wp-json\/wp\/v2\/media?parent=2088"}],"curies":[{"name":"wp","href":"https:\/\/api.w.org\/{rel}","templated":true}]}}