{"id":2120,"date":"2018-12-03T13:46:08","date_gmt":"2018-12-03T10:46:08","guid":{"rendered":"https:\/\/medicaltest.ro\/?page_id=2120"},"modified":"2018-12-03T13:46:08","modified_gmt":"2018-12-03T10:46:08","slug":"drepturi-si-obligatii","status":"publish","type":"page","link":"https:\/\/medicaltest.ro\/index.php\/drepturi-si-obligatii\/","title":{"rendered":"Drepturi \u015fi Obliga\u0163ii"},"content":{"rendered":"<div class=\"wpb-content-wrapper\"><p>[vc_row][vc_column]<header class=\"kwayy-heading-wrapper kwayy-heading-wrapper-align-left\"><div class=\"kwayy-heading-wrapper-inner\"><h2 class=\"kwayy-heading-align-left\"><span>DREPTURILE PACIEN\u021aILOR (conform Legii nr. 46\/2003)<\/span><\/h2><\/div><\/header>[\/vc_column][\/vc_row][vc_row][vc_column][vc_column_text]<strong>I. Pacien\u021bii au dreptul la \u00eengrijiri medicale de cea mai \u00eenalt\u0103 calitate.<\/strong><\/p>\n<p><strong>II. Pacientul are dreptul de a fi respectat ca persoan\u0103 uman\u0103, f\u0103r\u0103 nici o discriminare.<\/strong><\/p>\n<p><strong>III. Dreptul pacientului la informa\u0163ia medical\u0103<\/strong><\/p>\n<ul>\n<li>Pacientul are dreptul de a fi informat cu privire la serviciile medicale disponibile, precum \u015fi la modul de a le utiliza.<\/li>\n<li>Pacientul are dreptul de a fi informat asupra identit\u0103\u0163ii \u015fi statutului profesional al furnizorilor de servicii de s\u0103n\u0103tate.<\/li>\n<li>Pacientul internat are dreptul de a fi informat asupra regulilor \u015fi obiceiurilor pe care trebuie s\u0103 le respecte pe durata spitaliz\u0103rii.<\/li>\n<li>Pacientul are dreptul de a fi informat asupra st\u0103rii sale de s\u0103n\u0103tate, a interven\u0163iilor medicale propuse, a riscurilor poten\u0163iale ale fiec\u0103rei proceduri, a alternativelor existente la procedurile propuse, inclusiv asupra neefectu\u0103rii tratamentului \u015fi nerespect\u0103rii recomand\u0103rilor medicale, precum \u015fi cu privire la date despre diagnostic \u015fi prognostic.<\/li>\n<li>Pacientul are dreptul de a decide dac\u0103 mai dore\u015fte s\u0103 fie informat \u00een cazul \u00een care informa\u0163iile prezentate de c\u0103tre medic i-ar cauza suferin\u0163\u0103.<\/li>\n<li>Pacientul are dreptul de a cere \u00een mod expres s\u0103 nu fie informat \u015fi de a alege o alt\u0103 persoan\u0103 care s\u0103 fie informat\u0103 \u00een locul s\u0103u.<\/li>\n<li>Pacientul are dreptul de a cere \u015fi de a ob\u0163ine o alt\u0103 opinie medical\u0103.<\/li>\n<li>Pacientul are dreptul s\u0103 solicite \u015fi s\u0103 primeasc\u0103, la externare, un rezumat scris al investiga\u0163iilor, diagnosticului, tratamentului \u015fi \u00eengrijirilor acordate pe perioada spitaliz\u0103rii.<\/li>\n<\/ul>\n<p><strong>IV. Consim\u0163\u0103m\u00e2ntul pacientului privind interven\u0163ia medical\u0103<\/strong><\/p>\n<ul>\n<li>Pacientul are dreptul sa refuze sau sa opreasca o interventie medicala asum\u00e2ndu-si, \u00een scris, raspunderea pentru decizia sa; consecintele refuzului sau ale opririi actelor medicale trebuie explicate pacientului.<\/li>\n<li>In cazul in care pacientul necesita o interventie medicala de urgenta, consimtamantul reprezentantului legal nu mai este necesar.<\/li>\n<li>Consimtamantul pacientului este obligatoriu pentru recoltarea, pastrarea, folosirea tuturor produselor biologice prelevate din corpul sau, in vederea stabilirii diagnosticului sau a tratamentului ca care acesta este de acord.<\/li>\n<li>Consimtamantul pacientului este obligatoriu in cazul participarii sale in invatamantul medical clinic si la cercetarea stiintifica.<\/li>\n<li>Pacientul nu poate fi fotografiat sau filmat \u00eentr-o unitate medicala fara consimtam\u00e2ntul sau, cu exceptia cazurilor \u00een care imaginile sunt necesare diagnosticului sau tratamentului si evitarii suspectarii unei culpe medicale.<\/li>\n<\/ul>\n<p><strong>V. Dreptul la confiden\u0163ialitatea informa\u0163iilor \u015fi via\u0163a privat\u0103 a pacientului<\/strong><\/p>\n<ul>\n<li>Toate informatiile privind starea pacientului, rezultatele investigatiilor, diagnosticul, prognosticul, tratamentul, datele personale sunt confidentiale chiar si dupa decesul acestuia.<\/li>\n<li>Informatiile cu caracter confidential pot fi furnizate numai \u00een cazul \u00een care pacientul \u00eesi da consimtam\u00e2ntul explicit sau daca legea o cere \u00een mod expres.<\/li>\n<li>Pacientul are acces la datele medicale personale.<\/li>\n<li>Orice amestec \u00een viata privata, familiala a pacientului este interzis, cu exceptia cazurilor \u00een care aceasta imixtiune influenteaza pozitiv diagnosticul, tratamentul ori \u00eengrijirile acordate si numai cu consimtam\u00e2ntul pacientului.<\/li>\n<\/ul>\n<p><strong>VI. Drepturile pacientului la tratament \u015fi \u00eengrijiri medicale<\/strong><\/p>\n<ul>\n<li>Pacientul poate beneficia de sprijinul familiei, al prietenilor, de suport spiritual, material si de sfaturi pe tot parcursul \u00eengrijirilor medicale.<\/li>\n<li>Pacientul internat are dreptul si la servicii medicale acordate de catre un medic acreditat din afara spitalului.<\/li>\n<li>Pacientul are dreptul la \u00eengrijiri medicale continue p\u00e2na la ameliorarea starii sale de sanatate sau p\u00e2na la vindecare.<\/li>\n<li>Pacientul are dreptul sa beneficieze de asistenta medicala de urgenta.<\/li>\n<\/ul>\n<p>[\/vc_column_text][\/vc_column][\/vc_row][vc_row][vc_column]<header class=\"kwayy-heading-wrapper kwayy-heading-wrapper-align-left\"><div class=\"kwayy-heading-wrapper-inner\"><h2 class=\"kwayy-heading-align-left\"><span>OBLIGA\u021aIILE PACIEN\u021aILOR<\/span><\/h2><\/div><\/header>[\/vc_column][\/vc_row][vc_row][vc_column][vc_column_text]<strong>Pacientii au urmatoarele obligatii:<\/strong><\/p>\n<ul>\n<li>de a respecta conditiile de disciplina ale spitalului<\/li>\n<li>de a folosi cu grija bunurile ce le sunt puse la dispozi\u021bie, orice degradare fiind supusa regulilor de drept civil<\/li>\n<li>de a nu fuma in rezerva sau pe holurile spitalului<\/li>\n<li>de a nu consuma si introduce bauturi alcoolice in spital<\/li>\n<li>de a respecta regimul alimentar indicat de medic<\/li>\n<li>de a pastra curatenia in rezerva si spatii comune<\/li>\n<li>de a se adresa in mod civilizat personalului medico-sanitar<\/li>\n<\/ul>\n<p>In cadrul spitalului se interzice producerea de zgomote de orice natura care pot produce disconfort pacien\u021bilor interna\u021bi.[\/vc_column_text][\/vc_column][\/vc_row]<\/p>\n<\/div>","protected":false},"excerpt":{"rendered":"<p>[vc_row][vc_column][\/vc_column][\/vc_row][vc_row][vc_column][vc_column_text]I. Pacien\u021bii au dreptul la \u00eengrijiri medicale de cea mai \u00eenalt\u0103 calitate. II. Pacientul are dreptul de a fi respectat ca persoan\u0103 uman\u0103, f\u0103r\u0103 nici o discriminare. III. Dreptul pacientului la informa\u0163ia medical\u0103 Pacientul are dreptul de a fi informat cu privire la serviciile medicale disponibile, precum \u015fi la modul de a le utiliza. Pacientul [&hellip;]<\/p>\n","protected":false},"author":1,"featured_media":0,"parent":0,"menu_order":0,"comment_status":"closed","ping_status":"closed","template":"","meta":{"footnotes":""},"class_list":["post-2120","page","type-page","status-publish","hentry"],"yoast_head":"<!-- This site is optimized with the Yoast SEO plugin v26.4 - https:\/\/yoast.com\/wordpress\/plugins\/seo\/ -->\n<title>Drepturi \u015fi Obliga\u0163ii - MedicalTest<\/title>\n<meta name=\"robots\" content=\"index, follow, max-snippet:-1, max-image-preview:large, max-video-preview:-1\" \/>\n<link rel=\"canonical\" href=\"https:\/\/medicaltest.ro\/index.php\/drepturi-si-obligatii\/\" \/>\n<meta property=\"og:locale\" content=\"ro_RO\" \/>\n<meta property=\"og:type\" content=\"article\" \/>\n<meta property=\"og:title\" content=\"Drepturi \u015fi Obliga\u0163ii - MedicalTest\" \/>\n<meta property=\"og:description\" content=\"[vc_row][vc_column][\/vc_column][\/vc_row][vc_row][vc_column][vc_column_text]I. Pacien\u021bii au dreptul la \u00eengrijiri medicale de cea mai \u00eenalt\u0103 calitate. II. Pacientul are dreptul de a fi respectat ca persoan\u0103 uman\u0103, f\u0103r\u0103 nici o discriminare. III. Dreptul pacientului la informa\u0163ia medical\u0103 Pacientul are dreptul de a fi informat cu privire la serviciile medicale disponibile, precum \u015fi la modul de a le utiliza. Pacientul [&hellip;]\" \/>\n<meta property=\"og:url\" content=\"https:\/\/medicaltest.ro\/index.php\/drepturi-si-obligatii\/\" \/>\n<meta property=\"og:site_name\" content=\"MedicalTest\" \/>\n<meta name=\"twitter:card\" content=\"summary_large_image\" \/>\n<meta name=\"twitter:label1\" content=\"Timp estimat pentru citire\" \/>\n\t<meta name=\"twitter:data1\" content=\"4 minute\" \/>\n<script type=\"application\/ld+json\" class=\"yoast-schema-graph\">{\"@context\":\"https:\/\/schema.org\",\"@graph\":[{\"@type\":\"WebPage\",\"@id\":\"https:\/\/medicaltest.ro\/index.php\/drepturi-si-obligatii\/\",\"url\":\"https:\/\/medicaltest.ro\/index.php\/drepturi-si-obligatii\/\",\"name\":\"Drepturi \u015fi Obliga\u0163ii - MedicalTest\",\"isPartOf\":{\"@id\":\"https:\/\/medicaltest.ro\/#website\"},\"datePublished\":\"2018-12-03T10:46:08+00:00\",\"breadcrumb\":{\"@id\":\"https:\/\/medicaltest.ro\/index.php\/drepturi-si-obligatii\/#breadcrumb\"},\"inLanguage\":\"ro-RO\",\"potentialAction\":[{\"@type\":\"ReadAction\",\"target\":[\"https:\/\/medicaltest.ro\/index.php\/drepturi-si-obligatii\/\"]}]},{\"@type\":\"BreadcrumbList\",\"@id\":\"https:\/\/medicaltest.ro\/index.php\/drepturi-si-obligatii\/#breadcrumb\",\"itemListElement\":[{\"@type\":\"ListItem\",\"position\":1,\"name\":\"Acas\u0103\",\"item\":\"https:\/\/medicaltest.ro\/\"},{\"@type\":\"ListItem\",\"position\":2,\"name\":\"Drepturi \u015fi Obliga\u0163ii\"}]},{\"@type\":\"WebSite\",\"@id\":\"https:\/\/medicaltest.ro\/#website\",\"url\":\"https:\/\/medicaltest.ro\/\",\"name\":\"MedicalTest\",\"description\":\"Iasi - Bacau\",\"potentialAction\":[{\"@type\":\"SearchAction\",\"target\":{\"@type\":\"EntryPoint\",\"urlTemplate\":\"https:\/\/medicaltest.ro\/?s={search_term_string}\"},\"query-input\":{\"@type\":\"PropertyValueSpecification\",\"valueRequired\":true,\"valueName\":\"search_term_string\"}}],\"inLanguage\":\"ro-RO\"}]}<\/script>\n<!-- \/ Yoast SEO plugin. -->","yoast_head_json":{"title":"Drepturi \u015fi Obliga\u0163ii - MedicalTest","robots":{"index":"index","follow":"follow","max-snippet":"max-snippet:-1","max-image-preview":"max-image-preview:large","max-video-preview":"max-video-preview:-1"},"canonical":"https:\/\/medicaltest.ro\/index.php\/drepturi-si-obligatii\/","og_locale":"ro_RO","og_type":"article","og_title":"Drepturi \u015fi Obliga\u0163ii - MedicalTest","og_description":"[vc_row][vc_column][\/vc_column][\/vc_row][vc_row][vc_column][vc_column_text]I. Pacien\u021bii au dreptul la \u00eengrijiri medicale de cea mai \u00eenalt\u0103 calitate. II. Pacientul are dreptul de a fi respectat ca persoan\u0103 uman\u0103, f\u0103r\u0103 nici o discriminare. III. Dreptul pacientului la informa\u0163ia medical\u0103 Pacientul are dreptul de a fi informat cu privire la serviciile medicale disponibile, precum \u015fi la modul de a le utiliza. Pacientul [&hellip;]","og_url":"https:\/\/medicaltest.ro\/index.php\/drepturi-si-obligatii\/","og_site_name":"MedicalTest","twitter_card":"summary_large_image","twitter_misc":{"Timp estimat pentru citire":"4 minute"},"schema":{"@context":"https:\/\/schema.org","@graph":[{"@type":"WebPage","@id":"https:\/\/medicaltest.ro\/index.php\/drepturi-si-obligatii\/","url":"https:\/\/medicaltest.ro\/index.php\/drepturi-si-obligatii\/","name":"Drepturi \u015fi Obliga\u0163ii - MedicalTest","isPartOf":{"@id":"https:\/\/medicaltest.ro\/#website"},"datePublished":"2018-12-03T10:46:08+00:00","breadcrumb":{"@id":"https:\/\/medicaltest.ro\/index.php\/drepturi-si-obligatii\/#breadcrumb"},"inLanguage":"ro-RO","potentialAction":[{"@type":"ReadAction","target":["https:\/\/medicaltest.ro\/index.php\/drepturi-si-obligatii\/"]}]},{"@type":"BreadcrumbList","@id":"https:\/\/medicaltest.ro\/index.php\/drepturi-si-obligatii\/#breadcrumb","itemListElement":[{"@type":"ListItem","position":1,"name":"Acas\u0103","item":"https:\/\/medicaltest.ro\/"},{"@type":"ListItem","position":2,"name":"Drepturi \u015fi Obliga\u0163ii"}]},{"@type":"WebSite","@id":"https:\/\/medicaltest.ro\/#website","url":"https:\/\/medicaltest.ro\/","name":"MedicalTest","description":"Iasi - Bacau","potentialAction":[{"@type":"SearchAction","target":{"@type":"EntryPoint","urlTemplate":"https:\/\/medicaltest.ro\/?s={search_term_string}"},"query-input":{"@type":"PropertyValueSpecification","valueRequired":true,"valueName":"search_term_string"}}],"inLanguage":"ro-RO"}]}},"_links":{"self":[{"href":"https:\/\/medicaltest.ro\/index.php\/wp-json\/wp\/v2\/pages\/2120","targetHints":{"allow":["GET"]}}],"collection":[{"href":"https:\/\/medicaltest.ro\/index.php\/wp-json\/wp\/v2\/pages"}],"about":[{"href":"https:\/\/medicaltest.ro\/index.php\/wp-json\/wp\/v2\/types\/page"}],"author":[{"embeddable":true,"href":"https:\/\/medicaltest.ro\/index.php\/wp-json\/wp\/v2\/users\/1"}],"replies":[{"embeddable":true,"href":"https:\/\/medicaltest.ro\/index.php\/wp-json\/wp\/v2\/comments?post=2120"}],"version-history":[{"count":1,"href":"https:\/\/medicaltest.ro\/index.php\/wp-json\/wp\/v2\/pages\/2120\/revisions"}],"predecessor-version":[{"id":2121,"href":"https:\/\/medicaltest.ro\/index.php\/wp-json\/wp\/v2\/pages\/2120\/revisions\/2121"}],"wp:attachment":[{"href":"https:\/\/medicaltest.ro\/index.php\/wp-json\/wp\/v2\/media?parent=2120"}],"curies":[{"name":"wp","href":"https:\/\/api.w.org\/{rel}","templated":true}]}}