{"id":2155,"date":"2019-05-21T18:05:32","date_gmt":"2019-05-21T15:05:32","guid":{"rendered":"https:\/\/medicaltest.ro\/?page_id=2155"},"modified":"2019-05-21T18:05:32","modified_gmt":"2019-05-21T15:05:32","slug":"politica-cookies","status":"publish","type":"page","link":"https:\/\/medicaltest.ro\/index.php\/politica-cookies\/","title":{"rendered":"Politica cookies"},"content":{"rendered":"<h3>Cine suntem?<\/h3>\n<p><strong>S.C. MEDICALTEST S.R.L.<\/strong>\u00a0are sediul localizat \u00een Bacau, str. Spiru Haret, nr.8,\u00a0 avand cod fiscal 4014386, email:\u00a0administrativ@medicaltest.ro \u00a0si are ca reprezentat legal pe Jana Pavel, \u00a0Manager General.<\/p>\n<p><strong>S.C. MEDICALTEST S.R.L.<\/strong>\u00a0 va prelucreaza datele cu caracter personal prin intermediul siteu-lui, prelucrarea efectuandu-se conform legislatiei in vigoare, pastrandu-se confidentialitatea datelor cu caracter personal si dreptul la viata privata.<\/p>\n<p><strong>1.1. Prelucrarea DCP (datelor cu caracter personal) in scopul incheierii si executarii Contractului.<\/strong><\/p>\n<p>Datele cu caracter personal furnizate de catre toti utilizatorii, vor fi prelucrate in scopul executarii contractului, respectiv pentru prestarea de servicii, facturare si incasarea valorii serviciilor, relatii cu clientii, precum si alte prelucrari de natura necesara strict pentru o buna desfasurare a relatiilor contractuale. Autoritatile si institutiile publice abilitate, la solicitarea acestora, avand ca temei dispozitiile legale in vigoare, si in vedere specificul activitatii societatii noastre, pot cere divulgarea datelor cu caracter personal furnizate de utilizator.<\/p>\n<p><strong>1.2. Prelucrarea datelor cu caracter personal cu functie de identificare generala<\/strong>.<\/p>\n<p>Datele cu caracter personal cu functie de identificare generala pe care le furnizati, respectiv CNP, nume, prenume, adresa persoanei, etc. care incheie contractul vor fi \u00a0prelucrate, pe intreaga perioada de valabilitate a obligatiunii legale, precum si ulterior inchiererii relatiei contractuale, conform limitarilor prevazute de lege. Datele personale avand rol de identificare vor fi necesare pentru co identificarea corecta \u00a0a clientului\/imputernicitului in sistemele noastre de prelucrare pentru realizarea scopului mentionat mai sus, respectiv doar cele care vor fi strict necesare sau tin de\u00a0 executarea obligatiunilor.<\/p>\n<p><strong>1.3. Drepturile persoanelor vizate\/utilizatorilor<\/strong><\/p>\n<p>Conform Regulamentului 679\/2016 privind protectia datelor cu caracter personal si libera circulatie a acestor date, utilizatorii au urmatoarele drepturi privind datele cu caracter personal furnizate:<\/p>\n<ul>\n<li>dreptul la informare \u0219i acces; dreptul de interven\u021bie asupra datelor; dreptul la rectificare; dreptul la \u0219tergerea datelor;<\/li>\n<li>dreptul la restric\u021bionarea prelucrarii; dreptul la portabilitatea datelor;<\/li>\n<li>dreptul de opozi\u021bie \u0219i procesul decizitional individual automatizat, inclusiv crearea de profiluri;<\/li>\n<li>dreptul de a depune o pla\u0302ngere i\u0302n fat\u0326a autorita\u0306t\u0326ii de supraveghere (www.dataprotection.ro).<\/li>\n<\/ul>\n<p>Pentru exercitarea acestor drepturi, utilizatorii vor inainta catre <strong>S.C. MEDICALTEST S.R.L.<\/strong>\u00a0 \u2013 pe adresa de mail: gdpr_medicaltest@yahoo.com solicitarea sau printr-o cerere scrisa adresata Responsabilului cu Protectia Datelor, datata si semnata.<\/p>\n<p><strong>1.4. Perioada de Stocare<\/strong>:<\/p>\n<p>Datele furnizate de catre utilizatori in scopul derularii obligatiilor legale, nu vor depasi termenul legal de pastrare al documentelor, respectiv 10 ani, conform dispozitiilor legale in vigoare.<\/p>\n<p>Utilizatorul declara ca a luat la cunostinta si ca a inteles faptul ca DCP (datele cu caracter personal) furnizate catre <strong>S.C. MEDICALTEST S.R.L.<\/strong>\u00a0 la data incheierii obligatiilor reprezinta elemente importante pentru incheierea acestuia, acesta exprimandu-si in mod expres consimtamantul pentru prelucrarea DCP pentru scopul declarat. In cazul in care, pe durata derularii contractului, utilizatorul isi va manifesta dreptul de opozitie in ceea ce priveste procesarea datelor cu caracter personal furnizate, <strong>S.C. MEDICALTEST S.R.L.<\/strong>\u00a0 va avea dreptul sa rezilieze contractul de drept, fara vreun drept de compensatie sau despagubiri pentru utilizator, cu solicitarea despagubirilor de incetare prematura stipulate in contract.<\/p>\n<h3><\/h3>\n<h3>Ce date personale colect\u0103m \u0219i de ce?<\/h3>\n<h3>Comentarii<\/h3>\n<p>C\u00e2nd vizitatorii las\u0103 comentarii pe site, colect\u0103m datele ar\u0103tate \u00een formularele de comentarii, dar \u0219i adresa IP a vizitatorului \u0219i \u0219irul agen\u021bilor utilizator din navigator pentru a ne ajuta la detectarea spamului.<\/p>\n<h3>Cookie-uri<\/h3>\n<p>Dac\u0103 la\u0219i un comentariu pe site-ul nostru, vei putea opta pentru salvarea \u00een cookie-uri a numelui, adresei de email. Acestea sunt pentru comfortul t\u0103u, astfel nu mai trebuie s\u0103 le completezi din nou c\u00e2nd la\u0219i un alt comentariu.<\/p>\n<h3>Con\u021binut \u00eenglobat de pe alte site-uri web<\/h3>\n<p>Articolele din acest site pot include con\u021binut \u00eenglobat (de exemplu, videouri, imagini, articole etc.). Con\u021binutul \u00eenglobat de pe alte site-uri web se comporta exact la fel ca \u0219i cum vizitatorii au vizualizat un alt site web.<\/p>\n<p>Aceste site-uri web pot s\u0103 colecteze date despre tine, s\u0103 foloseasc\u0103 cookie-uri, s\u0103 \u00eenglobeze urm\u0103rirea suplimentar\u0103 de la p\u0103r\u021bi ter\u021be \u0219i s\u0103 monitorizeze interac\u021biunea cu con\u021binutul \u00eenglobat, inclusiv interac\u021biunea cu con\u021binutul \u00eenglobat dac\u0103 ai un cont \u0219i e\u0219ti autentificat \u00een acel site web.<\/p>\n<h2><\/h2>\n<h3>C\u00e2t timp p\u0103str\u0103m datele tale?<\/h3>\n<p>Dac\u0103 vei lasa un comentariu, acesta \u0219i meta-datele lui sunt p\u0103strate pe o perioad\u0103 nedeterminat\u0103. A\u0219a vom putea recunoa\u0219te \u0219i aproba automat toate comentariile urm\u0103toare \u00een loc s\u0103 le \u021binem \u00eentr-o coad\u0103 pentru moderare.<\/p>\n<p>Pentru utilizatorii (dac\u0103 exist\u0103) care se \u00eenregistreaz\u0103 pe site-ul nostru web, stoc\u0103m \u0219i informa\u021biile personale pe care le vor furniza\u00a0 \u00een profilul lor de utilizare. To\u021bi utilizatorii \u00ee\u0219i vor putea vedea, edita sau \u0219terge informa\u021biile personale oric\u00e2nd (dar nu \u00ee\u0219i vor putea schimba numele de utilizator). De asemenea, administratorii siteu-lui web pot vedea \u0219i edita toate aceste informa\u021bii.<\/p>\n<h2><\/h2>\n<h3>Ce drepturi am asupra datelor mele?<\/h3>\n<p>Dac\u0103 ai creat un cont sau ai l\u0103sat comentarii pe acest site web, vei avea dreptul la cerere sa primesti un fi\u0219ier de export cu datele personale pe care le de\u021binem noi despre tine, inclusiv toate datele pe care ni le-ai furnizat pana acum. De asemenea, ne po\u021bi cere s\u0103 \u0219tergem toate datele personale pe care le avem despre tine. Totusi, acestea nu includ toate datele pe care suntem obliga\u021bi s\u0103 le p\u0103str\u0103m \u00een scopuri administrative, juridice sau de securitate.<\/p>\n<p><strong>Protect\u0326ia persoanelor fizice i\u0302n ceea ce prives\u0326te prelucrarea datelor cu caracter personal\u00a0<\/strong>este un drept fundamental. Articolul 8 alineatul (1) din Carta drepturilor fundamentale a Uniunii Europene (\u201ecarta\u201d) s\u0326i articolul 16 alinea\u00ad tul (1) din Tratatul privind funct\u0326ionarea Uniunii Europene (TFUE) preva\u0306d dreptul orica\u0306rei persoane la protect\u0326ia datelor cu caracter personal care o privesc.<\/p>\n<ul>\n<li><strong>Drepturile persoanelor vizate privind protec\u021bia persoanelor cu privire la prelucrarea datelor cu caracter personal \u0219i libera circula\u021bie a acestor date:<\/strong><\/li>\n<\/ul>\n<ol>\n<li>dreptul la informare \u0219i acces;<\/li>\n<li>dreptul de \u00a0interven\u021bie asupra datelor;<\/li>\n<li>dreptul la rectificare;<\/li>\n<li>dreptul la \u0219tergerea datelor;<\/li>\n<li>dreptul la restric\u021bionarea prelucrarii;<\/li>\n<li>dreptul la portabilitatea datelor;<\/li>\n<li>dreptul de opozi\u021bie \u0219i procesul decizitional individual automatizat, inclusiv crearea de profiluri;<\/li>\n<li>dreptul de a depune o pla\u0302ngere i\u0302n fat\u0326a autorita\u0306t\u0326ii de supraveghere \u00a0(<a href=\"http:\/\/www.dataprotection.ro\">dataprotection.ro<\/a>).<\/li>\n<\/ol>\n<p>&nbsp;<\/p>\n<h3>Informa\u021bii suplimentare<\/h3>\n<p><strong>Ce date prelucram?<\/strong><\/p>\n<p><strong>Datele pe care noi le prelucram sunt <\/strong>\u00a0date pe care in<strong>\u00a0<\/strong><strong>mod voluntar<\/strong>\u00a0ni le trasmiti prin intermediul formularului de contact si prin formularul de la comentariile de pe site.\u00a0<strong>Numele si prenumele precum si adresa de email<\/strong>\u00a0\u2013 cand completezi formularul de contact sau cand adaugi un comentariu la un articol. Ne sunt utile pentru ca numai asa putem sa iti raspundem solicitarilor si de asemenea, in cazul comentariilor pe blog, te anuntam cand apar alte comentarii la postarile adaugate de tine.\u00a0<strong>Date transmise involuntar<\/strong>, atunci cand interactionezi cu website-ul nostru:\u00a0<strong>Adresa IP<\/strong>\u2013 Atunci cand vizitezi site-ul nostru, adresa de ip este inregistrata pentru a te identifica sau pentru a fi folosita in alte scopuri<strong>.\u00a0<\/strong><strong>Sistemul de operare, browserul, activitatea de navigare \u0219i alte informa\u021bii despre modul \u00een care ai interac\u021bionat cu site-ul<\/strong><strong>.<\/strong> Putem colecta aceste informa\u021bii prin folosirea cookie-urilor sau a altor tehnologii de similare.<\/p>\n<p><strong>Temeiul legal al prelucrarii<\/strong><\/p>\n<p>Datele pe care ni le oferi voluntar ( adica cele pe care le trimiti prin completarea \u0219i trimiterea formularului de contact sau prin trimiterea unui email direct catre adresa noastra de email,\u00a0<strong>temeiul legal<\/strong>\u00a0este\u00a0acela de a face demersuri la cererea persoanei vizate \u00eenainte de \u00eencheierea unui contract (art. 6 alin. (1) lit. b din Regulamentul (UE) 679\/2016). \u00cen privin\u021ba datelor pe care ni oferi voluntar prin postarea unui comentariu la un articol de pe blog, temeiul prelucr\u0103rii este obliga\u021bia noastr\u0103 legal\u0103 de a sprijini exercitarea dreptului de informare, dar \u0219i interesul nostru legitim de a oferi cititorilor blogului transparen\u021b\u0103 \u0219i informare. Consim\u021b\u0103m\u00e2ntul t\u0103u nu este cerut \u00een situa\u021bia \u00een care prelucrarea este necesar\u0103 pentru efectuarea de demersuri pentru \u00eencheierea unui contract, \u00eendeplinirea unei obliga\u021bii legale sau interesul legitim. \u00cen privin\u021ba datelor pe care le colect\u0103m automat prin folosirea cookie-urilor sau a altor tehnologii similare, temeiul pentru prelucrare este consim\u021b\u0103m\u00e2ntul. Odat\u0103 cu accesarea site-ului, \u00ee\u021bi dai \u00een mod valabil consim\u021b\u0103m\u00e2ntul asupra prelucr\u0103rii.<\/p>\n<p><strong>Care este scopul prelucrarii?<\/strong><\/p>\n<p>In primul rand, colectam datele pe care in mod voluntar ni le transmiti pentru a comunica cu tine, adica pentru pentru\u00a0 a-\u021bi r\u0103spunde la \u00eentreb\u0103ri \u0219i solicit\u0103ri. Putem sa folosim datele tale \u00een scop de marketing, \u00eens\u0103 numai \u00een situa\u021bia \u00een care \u021bi-ai dat consim\u021b\u0103m\u00e2ntul \u00een prealabil.\u00a0Pentru a nu mai primi mesaje promo\u021bionale, po\u021bi urma instruc\u021biunile de dezabonare incluse \u00een fiecare e-mail sau ne poti solicita si prin email acest lucru (daca este cazul). Daca ne-ai trimis datele tale pentru a fi contactat in scopuri de business, folosim datele tale pentru a face demersurile necesare \u00een vederea \u00eencheierii unui contract. Alte scopuri pentru care prelucram datele tale sunt:<\/p>\n<ul>\n<li>pentru a ne ap\u0103ra \u00eempotriva atacurilor cibernetice;<\/li>\n<li>pentru a oferi \u0219i \u00eembun\u0103t\u0103\u021bii serviciile pe care le oferim.<\/li>\n<\/ul>\n<h3><\/h3>\n<h3>De la care p\u0103r\u021bi ter\u021be primim date?<\/h3>\n<p>Nu vom dezv\u0103lui informa\u0163iile tale c\u0103tre ter\u0163e p\u0103r\u0163i, pentru a fi utilizate \u00een propriile scopuri de marketing sau comerciale ale acestora, f\u0103r\u0103 consim\u0163\u0103m\u00e2ntul t\u0103u. Totu\u015fi, este posibil s\u0103 dezv\u0103luim informa\u0163iile tale c\u0103tre urm\u0103toarele entit\u0103\u0163i:\u00a0<strong>Furnizori de servicii.<\/strong>\u00a0Putem dezv\u0103lui informa\u021biile tale altor companii care ne furnizeaz\u0103 servicii \u0219i ac\u021bioneaz\u0103 \u00een calitate de persoane \u00eemputernicite, cum ar fi companiile care ne ajut\u0103 pentru facturare sau care trimit e-mailuri \u00een numele nostru. Aceste entit\u0103\u021bi sunt selectate pentru a ne asigura c\u0103 \u00eendeplinesc cerin\u021bele specifice \u00een materie de protec\u021bie a datelor cu caracter personal. Aceste entit\u0103\u0163i au o capacitate limitat\u0103 de a utiliza informa\u0163iile tale \u00een alte scopuri dec\u00e2t cel de a ne furniza servicii. Informa\u021biile oferite de tine, ce con\u021bin date de identificare pot fi folosite \u00een scopul \u00eentocmirii documentelor de angajare \u0219i a altor documente ce vizeaz\u0103 exclusiv rela\u021biile de munca sau pentru comunicari comerciale sau raspunsuri la solicitarile trimise de tine, iar in cazul unor solicitari legitime, vor fi transmise c\u0103tre autoritatile statului:<\/p>\n<ul>\n<li>Inspectoratul Teritorial de Munca,<\/li>\n<li>Agen\u021bia pentru ocuparea For\u021belor de Munc\u0103,<\/li>\n<li>Autorit\u0103\u021bi Judec\u0103tore\u0219ti<\/li>\n<\/ul>\n<p>Altor p\u0103r\u0163i cu consim\u0163\u0103m\u00e2ntul sau la instruc\u0163iunile tale. \u00cen afara dezv\u0103luirilor detaliate \u00een prezenta Politic\u0103 de confiden\u0163ialitate, este posibil s\u0103 transmitem informa\u0163iile ter\u0163ilor c\u0103rora consim\u0163i sau solici\u021bi s\u0103 efectu\u0103m o asemenea dezv\u0103luire.<\/p>\n","protected":false},"excerpt":{"rendered":"<p>Cine suntem? S.C. MEDICALTEST S.R.L.\u00a0are sediul localizat \u00een Bacau, str. Spiru Haret, nr.8,\u00a0 avand cod fiscal 4014386, email:\u00a0administrativ@medicaltest.ro \u00a0si are ca reprezentat legal pe Jana Pavel, \u00a0Manager General. S.C. MEDICALTEST S.R.L.\u00a0 va prelucreaza datele cu caracter personal prin intermediul siteu-lui, prelucrarea efectuandu-se conform legislatiei in vigoare, pastrandu-se confidentialitatea datelor cu caracter personal si dreptul la [&hellip;]<\/p>\n","protected":false},"author":1,"featured_media":0,"parent":0,"menu_order":0,"comment_status":"closed","ping_status":"closed","template":"","meta":{"footnotes":""},"class_list":["post-2155","page","type-page","status-publish","hentry"],"yoast_head":"<!-- This site is optimized with the Yoast SEO plugin v26.4 - https:\/\/yoast.com\/wordpress\/plugins\/seo\/ -->\n<title>Politica cookies - MedicalTest<\/title>\n<meta name=\"robots\" content=\"index, follow, max-snippet:-1, max-image-preview:large, max-video-preview:-1\" \/>\n<link rel=\"canonical\" href=\"https:\/\/medicaltest.ro\/index.php\/politica-cookies\/\" \/>\n<meta property=\"og:locale\" content=\"ro_RO\" \/>\n<meta property=\"og:type\" content=\"article\" \/>\n<meta property=\"og:title\" content=\"Politica cookies - MedicalTest\" \/>\n<meta property=\"og:description\" content=\"Cine suntem? S.C. MEDICALTEST S.R.L.\u00a0are sediul localizat \u00een Bacau, str. Spiru Haret, nr.8,\u00a0 avand cod fiscal 4014386, email:\u00a0administrativ@medicaltest.ro \u00a0si are ca reprezentat legal pe Jana Pavel, \u00a0Manager General. S.C. MEDICALTEST S.R.L.\u00a0 va prelucreaza datele cu caracter personal prin intermediul siteu-lui, prelucrarea efectuandu-se conform legislatiei in vigoare, pastrandu-se confidentialitatea datelor cu caracter personal si dreptul la [&hellip;]\" \/>\n<meta property=\"og:url\" content=\"https:\/\/medicaltest.ro\/index.php\/politica-cookies\/\" \/>\n<meta property=\"og:site_name\" content=\"MedicalTest\" \/>\n<meta name=\"twitter:card\" content=\"summary_large_image\" \/>\n<meta name=\"twitter:label1\" content=\"Timp estimat pentru citire\" \/>\n\t<meta name=\"twitter:data1\" content=\"9 minute\" \/>\n<script type=\"application\/ld+json\" class=\"yoast-schema-graph\">{\"@context\":\"https:\/\/schema.org\",\"@graph\":[{\"@type\":\"WebPage\",\"@id\":\"https:\/\/medicaltest.ro\/index.php\/politica-cookies\/\",\"url\":\"https:\/\/medicaltest.ro\/index.php\/politica-cookies\/\",\"name\":\"Politica cookies - MedicalTest\",\"isPartOf\":{\"@id\":\"https:\/\/medicaltest.ro\/#website\"},\"datePublished\":\"2019-05-21T15:05:32+00:00\",\"breadcrumb\":{\"@id\":\"https:\/\/medicaltest.ro\/index.php\/politica-cookies\/#breadcrumb\"},\"inLanguage\":\"ro-RO\",\"potentialAction\":[{\"@type\":\"ReadAction\",\"target\":[\"https:\/\/medicaltest.ro\/index.php\/politica-cookies\/\"]}]},{\"@type\":\"BreadcrumbList\",\"@id\":\"https:\/\/medicaltest.ro\/index.php\/politica-cookies\/#breadcrumb\",\"itemListElement\":[{\"@type\":\"ListItem\",\"position\":1,\"name\":\"Acas\u0103\",\"item\":\"https:\/\/medicaltest.ro\/\"},{\"@type\":\"ListItem\",\"position\":2,\"name\":\"Politica cookies\"}]},{\"@type\":\"WebSite\",\"@id\":\"https:\/\/medicaltest.ro\/#website\",\"url\":\"https:\/\/medicaltest.ro\/\",\"name\":\"MedicalTest\",\"description\":\"Iasi - Bacau\",\"potentialAction\":[{\"@type\":\"SearchAction\",\"target\":{\"@type\":\"EntryPoint\",\"urlTemplate\":\"https:\/\/medicaltest.ro\/?s={search_term_string}\"},\"query-input\":{\"@type\":\"PropertyValueSpecification\",\"valueRequired\":true,\"valueName\":\"search_term_string\"}}],\"inLanguage\":\"ro-RO\"}]}<\/script>\n<!-- \/ Yoast SEO plugin. -->","yoast_head_json":{"title":"Politica cookies - MedicalTest","robots":{"index":"index","follow":"follow","max-snippet":"max-snippet:-1","max-image-preview":"max-image-preview:large","max-video-preview":"max-video-preview:-1"},"canonical":"https:\/\/medicaltest.ro\/index.php\/politica-cookies\/","og_locale":"ro_RO","og_type":"article","og_title":"Politica cookies - MedicalTest","og_description":"Cine suntem? S.C. MEDICALTEST S.R.L.\u00a0are sediul localizat \u00een Bacau, str. Spiru Haret, nr.8,\u00a0 avand cod fiscal 4014386, email:\u00a0administrativ@medicaltest.ro \u00a0si are ca reprezentat legal pe Jana Pavel, \u00a0Manager General. S.C. MEDICALTEST S.R.L.\u00a0 va prelucreaza datele cu caracter personal prin intermediul siteu-lui, prelucrarea efectuandu-se conform legislatiei in vigoare, pastrandu-se confidentialitatea datelor cu caracter personal si dreptul la [&hellip;]","og_url":"https:\/\/medicaltest.ro\/index.php\/politica-cookies\/","og_site_name":"MedicalTest","twitter_card":"summary_large_image","twitter_misc":{"Timp estimat pentru citire":"9 minute"},"schema":{"@context":"https:\/\/schema.org","@graph":[{"@type":"WebPage","@id":"https:\/\/medicaltest.ro\/index.php\/politica-cookies\/","url":"https:\/\/medicaltest.ro\/index.php\/politica-cookies\/","name":"Politica cookies - MedicalTest","isPartOf":{"@id":"https:\/\/medicaltest.ro\/#website"},"datePublished":"2019-05-21T15:05:32+00:00","breadcrumb":{"@id":"https:\/\/medicaltest.ro\/index.php\/politica-cookies\/#breadcrumb"},"inLanguage":"ro-RO","potentialAction":[{"@type":"ReadAction","target":["https:\/\/medicaltest.ro\/index.php\/politica-cookies\/"]}]},{"@type":"BreadcrumbList","@id":"https:\/\/medicaltest.ro\/index.php\/politica-cookies\/#breadcrumb","itemListElement":[{"@type":"ListItem","position":1,"name":"Acas\u0103","item":"https:\/\/medicaltest.ro\/"},{"@type":"ListItem","position":2,"name":"Politica cookies"}]},{"@type":"WebSite","@id":"https:\/\/medicaltest.ro\/#website","url":"https:\/\/medicaltest.ro\/","name":"MedicalTest","description":"Iasi - Bacau","potentialAction":[{"@type":"SearchAction","target":{"@type":"EntryPoint","urlTemplate":"https:\/\/medicaltest.ro\/?s={search_term_string}"},"query-input":{"@type":"PropertyValueSpecification","valueRequired":true,"valueName":"search_term_string"}}],"inLanguage":"ro-RO"}]}},"_links":{"self":[{"href":"https:\/\/medicaltest.ro\/index.php\/wp-json\/wp\/v2\/pages\/2155","targetHints":{"allow":["GET"]}}],"collection":[{"href":"https:\/\/medicaltest.ro\/index.php\/wp-json\/wp\/v2\/pages"}],"about":[{"href":"https:\/\/medicaltest.ro\/index.php\/wp-json\/wp\/v2\/types\/page"}],"author":[{"embeddable":true,"href":"https:\/\/medicaltest.ro\/index.php\/wp-json\/wp\/v2\/users\/1"}],"replies":[{"embeddable":true,"href":"https:\/\/medicaltest.ro\/index.php\/wp-json\/wp\/v2\/comments?post=2155"}],"version-history":[{"count":1,"href":"https:\/\/medicaltest.ro\/index.php\/wp-json\/wp\/v2\/pages\/2155\/revisions"}],"predecessor-version":[{"id":2156,"href":"https:\/\/medicaltest.ro\/index.php\/wp-json\/wp\/v2\/pages\/2155\/revisions\/2156"}],"wp:attachment":[{"href":"https:\/\/medicaltest.ro\/index.php\/wp-json\/wp\/v2\/media?parent=2155"}],"curies":[{"name":"wp","href":"https:\/\/api.w.org\/{rel}","templated":true}]}}