{"id":2236,"date":"2025-04-28T14:14:57","date_gmt":"2025-04-28T11:14:57","guid":{"rendered":"https:\/\/medicaltest.ro\/?page_id=2236"},"modified":"2025-04-29T13:08:19","modified_gmt":"2025-04-29T10:08:19","slug":"cariere","status":"publish","type":"page","link":"https:\/\/medicaltest.ro\/index.php\/cariere\/","title":{"rendered":"Cariere"},"content":{"rendered":"<div class=\"wpb-content-wrapper\"><p>[vc_row][vc_column]<header class=\"kwayy-heading-wrapper kwayy-heading-wrapper-align-left\"><div class=\"kwayy-heading-wrapper-inner\"><h2 class=\"kwayy-heading-align-left\"><span>Cariere - MEDICALTEST<\/span><\/h2><\/div><\/header>[vc_column_text css=&#8221;&#8221;]<\/p>\n<p class=\"\" data-start=\"106\" data-end=\"359\">La MedicalTest, credem c\u0103 succesul nostru se bazeaz\u0103 pe oameni pasiona\u021bi, dedica\u021bi \u0219i profesioni\u0219ti.<br data-start=\"206\" data-end=\"209\" \/>Dac\u0103 \u00ee\u021bi dore\u0219ti s\u0103 faci parte dintr-o echip\u0103 dinamic\u0103, orientat\u0103 spre excelen\u021b\u0103 \u00een domeniul serviciilor medicale, te invit\u0103m s\u0103 ne trimi\u021bi CV-ul t\u0103u.<\/p>\n<p class=\"\" data-start=\"361\" data-end=\"526\">C\u0103ut\u0103m constant colegi care \u00eemp\u0103rt\u0103\u0219esc valorile noastre: respect, empatie, responsabilitate \u0219i dorin\u021ba de a contribui la \u00eembun\u0103t\u0103\u021birea s\u0103n\u0103t\u0103\u021bii pacien\u021bilor no\u0219tri.<\/p>\n<p class=\"\" data-start=\"528\" data-end=\"720\">Dac\u0103 vrei s\u0103 afli mai multe despre oportunit\u0103\u021bile de carier\u0103 disponibile sau dore\u0219ti s\u0103 aplici pentru o pozi\u021bie, te rug\u0103m s\u0103 ne trimi\u021bi CV-ul la adresa de email: <b>administrativ@medicaltest.ro<\/b><\/p>\n<p class=\"\" data-start=\"722\" data-end=\"801\">Ne bucur\u0103m s\u0103 cunoa\u0219tem oameni valoro\u0219i care pot face diferen\u021ba al\u0103turi de noi!<\/p>\n<p>[\/vc_column_text][\/vc_column][\/vc_row]<\/p>\n<\/div>","protected":false},"excerpt":{"rendered":"<p>[vc_row][vc_column][vc_column_text css=&#8221;&#8221;] La MedicalTest, credem c\u0103 succesul nostru se bazeaz\u0103 pe oameni pasiona\u021bi, dedica\u021bi \u0219i profesioni\u0219ti.Dac\u0103 \u00ee\u021bi dore\u0219ti s\u0103 faci parte dintr-o echip\u0103 dinamic\u0103, orientat\u0103 spre excelen\u021b\u0103 \u00een domeniul serviciilor medicale, te invit\u0103m s\u0103 ne trimi\u021bi CV-ul t\u0103u. C\u0103ut\u0103m constant colegi care \u00eemp\u0103rt\u0103\u0219esc valorile noastre: respect, empatie, responsabilitate \u0219i dorin\u021ba de a contribui la \u00eembun\u0103t\u0103\u021birea [&hellip;]<\/p>\n","protected":false},"author":1,"featured_media":0,"parent":0,"menu_order":0,"comment_status":"closed","ping_status":"closed","template":"","meta":{"footnotes":""},"class_list":["post-2236","page","type-page","status-publish","hentry"],"yoast_head":"<!-- This site is optimized with the Yoast SEO plugin v26.4 - https:\/\/yoast.com\/wordpress\/plugins\/seo\/ -->\n<title>Cariere - MedicalTest<\/title>\n<meta name=\"robots\" content=\"index, follow, max-snippet:-1, max-image-preview:large, max-video-preview:-1\" \/>\n<link rel=\"canonical\" href=\"https:\/\/medicaltest.ro\/index.php\/cariere\/\" \/>\n<meta property=\"og:locale\" content=\"ro_RO\" \/>\n<meta property=\"og:type\" content=\"article\" \/>\n<meta property=\"og:title\" content=\"Cariere - MedicalTest\" \/>\n<meta property=\"og:description\" content=\"[vc_row][vc_column][vc_column_text css=&#8221;&#8221;] La MedicalTest, credem c\u0103 succesul nostru se bazeaz\u0103 pe oameni pasiona\u021bi, dedica\u021bi \u0219i profesioni\u0219ti.Dac\u0103 \u00ee\u021bi dore\u0219ti s\u0103 faci parte dintr-o echip\u0103 dinamic\u0103, orientat\u0103 spre excelen\u021b\u0103 \u00een domeniul serviciilor medicale, te invit\u0103m s\u0103 ne trimi\u021bi CV-ul t\u0103u. C\u0103ut\u0103m constant colegi care \u00eemp\u0103rt\u0103\u0219esc valorile noastre: respect, empatie, responsabilitate \u0219i dorin\u021ba de a contribui la \u00eembun\u0103t\u0103\u021birea [&hellip;]\" \/>\n<meta property=\"og:url\" content=\"https:\/\/medicaltest.ro\/index.php\/cariere\/\" \/>\n<meta property=\"og:site_name\" content=\"MedicalTest\" \/>\n<meta property=\"article:modified_time\" content=\"2025-04-29T10:08:19+00:00\" \/>\n<meta name=\"twitter:card\" content=\"summary_large_image\" \/>\n<meta name=\"twitter:label1\" content=\"Timp estimat pentru citire\" \/>\n\t<meta name=\"twitter:data1\" content=\"1 minut\" \/>\n<script type=\"application\/ld+json\" class=\"yoast-schema-graph\">{\"@context\":\"https:\/\/schema.org\",\"@graph\":[{\"@type\":\"WebPage\",\"@id\":\"https:\/\/medicaltest.ro\/index.php\/cariere\/\",\"url\":\"https:\/\/medicaltest.ro\/index.php\/cariere\/\",\"name\":\"Cariere - MedicalTest\",\"isPartOf\":{\"@id\":\"https:\/\/medicaltest.ro\/#website\"},\"datePublished\":\"2025-04-28T11:14:57+00:00\",\"dateModified\":\"2025-04-29T10:08:19+00:00\",\"breadcrumb\":{\"@id\":\"https:\/\/medicaltest.ro\/index.php\/cariere\/#breadcrumb\"},\"inLanguage\":\"ro-RO\",\"potentialAction\":[{\"@type\":\"ReadAction\",\"target\":[\"https:\/\/medicaltest.ro\/index.php\/cariere\/\"]}]},{\"@type\":\"BreadcrumbList\",\"@id\":\"https:\/\/medicaltest.ro\/index.php\/cariere\/#breadcrumb\",\"itemListElement\":[{\"@type\":\"ListItem\",\"position\":1,\"name\":\"Acas\u0103\",\"item\":\"https:\/\/medicaltest.ro\/\"},{\"@type\":\"ListItem\",\"position\":2,\"name\":\"Cariere\"}]},{\"@type\":\"WebSite\",\"@id\":\"https:\/\/medicaltest.ro\/#website\",\"url\":\"https:\/\/medicaltest.ro\/\",\"name\":\"MedicalTest\",\"description\":\"Iasi - Bacau\",\"potentialAction\":[{\"@type\":\"SearchAction\",\"target\":{\"@type\":\"EntryPoint\",\"urlTemplate\":\"https:\/\/medicaltest.ro\/?s={search_term_string}\"},\"query-input\":{\"@type\":\"PropertyValueSpecification\",\"valueRequired\":true,\"valueName\":\"search_term_string\"}}],\"inLanguage\":\"ro-RO\"}]}<\/script>\n<!-- \/ Yoast SEO plugin. -->","yoast_head_json":{"title":"Cariere - MedicalTest","robots":{"index":"index","follow":"follow","max-snippet":"max-snippet:-1","max-image-preview":"max-image-preview:large","max-video-preview":"max-video-preview:-1"},"canonical":"https:\/\/medicaltest.ro\/index.php\/cariere\/","og_locale":"ro_RO","og_type":"article","og_title":"Cariere - MedicalTest","og_description":"[vc_row][vc_column][vc_column_text css=&#8221;&#8221;] La MedicalTest, credem c\u0103 succesul nostru se bazeaz\u0103 pe oameni pasiona\u021bi, dedica\u021bi \u0219i profesioni\u0219ti.Dac\u0103 \u00ee\u021bi dore\u0219ti s\u0103 faci parte dintr-o echip\u0103 dinamic\u0103, orientat\u0103 spre excelen\u021b\u0103 \u00een domeniul serviciilor medicale, te invit\u0103m s\u0103 ne trimi\u021bi CV-ul t\u0103u. C\u0103ut\u0103m constant colegi care \u00eemp\u0103rt\u0103\u0219esc valorile noastre: respect, empatie, responsabilitate \u0219i dorin\u021ba de a contribui la \u00eembun\u0103t\u0103\u021birea [&hellip;]","og_url":"https:\/\/medicaltest.ro\/index.php\/cariere\/","og_site_name":"MedicalTest","article_modified_time":"2025-04-29T10:08:19+00:00","twitter_card":"summary_large_image","twitter_misc":{"Timp estimat pentru citire":"1 minut"},"schema":{"@context":"https:\/\/schema.org","@graph":[{"@type":"WebPage","@id":"https:\/\/medicaltest.ro\/index.php\/cariere\/","url":"https:\/\/medicaltest.ro\/index.php\/cariere\/","name":"Cariere - MedicalTest","isPartOf":{"@id":"https:\/\/medicaltest.ro\/#website"},"datePublished":"2025-04-28T11:14:57+00:00","dateModified":"2025-04-29T10:08:19+00:00","breadcrumb":{"@id":"https:\/\/medicaltest.ro\/index.php\/cariere\/#breadcrumb"},"inLanguage":"ro-RO","potentialAction":[{"@type":"ReadAction","target":["https:\/\/medicaltest.ro\/index.php\/cariere\/"]}]},{"@type":"BreadcrumbList","@id":"https:\/\/medicaltest.ro\/index.php\/cariere\/#breadcrumb","itemListElement":[{"@type":"ListItem","position":1,"name":"Acas\u0103","item":"https:\/\/medicaltest.ro\/"},{"@type":"ListItem","position":2,"name":"Cariere"}]},{"@type":"WebSite","@id":"https:\/\/medicaltest.ro\/#website","url":"https:\/\/medicaltest.ro\/","name":"MedicalTest","description":"Iasi - Bacau","potentialAction":[{"@type":"SearchAction","target":{"@type":"EntryPoint","urlTemplate":"https:\/\/medicaltest.ro\/?s={search_term_string}"},"query-input":{"@type":"PropertyValueSpecification","valueRequired":true,"valueName":"search_term_string"}}],"inLanguage":"ro-RO"}]}},"_links":{"self":[{"href":"https:\/\/medicaltest.ro\/index.php\/wp-json\/wp\/v2\/pages\/2236","targetHints":{"allow":["GET"]}}],"collection":[{"href":"https:\/\/medicaltest.ro\/index.php\/wp-json\/wp\/v2\/pages"}],"about":[{"href":"https:\/\/medicaltest.ro\/index.php\/wp-json\/wp\/v2\/types\/page"}],"author":[{"embeddable":true,"href":"https:\/\/medicaltest.ro\/index.php\/wp-json\/wp\/v2\/users\/1"}],"replies":[{"embeddable":true,"href":"https:\/\/medicaltest.ro\/index.php\/wp-json\/wp\/v2\/comments?post=2236"}],"version-history":[{"count":2,"href":"https:\/\/medicaltest.ro\/index.php\/wp-json\/wp\/v2\/pages\/2236\/revisions"}],"predecessor-version":[{"id":2240,"href":"https:\/\/medicaltest.ro\/index.php\/wp-json\/wp\/v2\/pages\/2236\/revisions\/2240"}],"wp:attachment":[{"href":"https:\/\/medicaltest.ro\/index.php\/wp-json\/wp\/v2\/media?parent=2236"}],"curies":[{"name":"wp","href":"https:\/\/api.w.org\/{rel}","templated":true}]}}